{"id":838,"date":"2025-11-20T17:42:40","date_gmt":"2025-11-20T15:42:40","guid":{"rendered":"https:\/\/biznestco.com\/?page_id=838"},"modified":"2025-11-20T17:44:00","modified_gmt":"2025-11-20T15:44:00","slug":"terms-of-service","status":"publish","type":"page","link":"https:\/\/biznestco.com\/tr\/terms-of-service\/","title":{"rendered":"BizNest i\u00e7in Hizmet Ko\u015fullar\u0131"},"content":{"rendered":"<h3 class=\"wp-block-heading has-text-align-center\">Son G\u00fcncelleme 3 Ekim 2025<\/h3>\n\n\n\n<p>BizNest'e (\u201cBizNest,\u201d \u201cbiz,\u201d \u201cbize\u201d veya \u201cbizim\u201d) ho\u015f geldiniz. Bu Hizmet \u015eartlar\u0131 (\u201c\u015eartlar\u201d), BizNest web sitesine, mobil uygulamalar\u0131na ve hizmetlerine (topluca \u201cHizmetler\u201d) eri\u015fiminizi ve bunlar\u0131 kullan\u0131m\u0131n\u0131z\u0131 y\u00f6netir. Hizmetlerimize eri\u015ferek veya bunlar\u0131 kullanarak, bu \u015eartlara tabi olmay\u0131 kabul edersiniz. Bu \u015eartlar\u0131 kabul etmiyorsan\u0131z, Hizmetlerimize eri\u015femez veya Hizmetlerimizi kullanamazs\u0131n\u0131z.<\/p>\n\n\n\n<ol class=\"wp-block-list\">\n<li>\u015eartlar\u0131n Kabul Edilmesi<br>Bir hesap olu\u015fturarak, bir i\u015fletme listing g\u00f6ndererek veya Hizmetlerimize ba\u015fka bir \u015fekilde eri\u015ferek veya bunlar\u0131 kullanarak, ba\u011flay\u0131c\u0131 bir s\u00f6zle\u015fmeye girmek i\u00e7in yasal kapasiteye sahip oldu\u011funuzu ve bu \u015eartlara ba\u011fl\u0131 kalmay\u0131 kabul etti\u011finizi beyan ve garanti edersiniz. Hizmetleri bir kurulu\u015f veya t\u00fczel ki\u015filik ad\u0131na kullan\u0131yorsan\u0131z, bu \u015eartlar\u0131 s\u00f6z konusu t\u00fczel ki\u015filik ad\u0131na kabul etmeye ve onlar\u0131 bu \u015eartlara ba\u011flamaya yetkili oldu\u011funuzu beyan ve garanti edersiniz.<\/li>\n\n\n\n<li>Hizmetlerin Tan\u0131m\u0131<br>BizNest, kullan\u0131c\u0131lar\u0131n Kuzey K\u0131br\u0131s'taki i\u015fletmeleri bulmas\u0131na, incelemesine ve onlarla ba\u011flant\u0131 kurmas\u0131na olanak tan\u0131yan bir i\u015f ke\u015fif platformudur. Hizmetlerimiz a\u015fa\u011f\u0131dakileri i\u00e7erir, ancak bunlarla s\u0131n\u0131rl\u0131 de\u011fildir:<\/li>\n<\/ol>\n\n\n\n<p>Aranabilir bir i\u015fletme rehberi<br>Kullan\u0131c\u0131 taraf\u0131ndan olu\u015fturulan incelemeler ve derecelendirmeler<br>Detayl\u0131 bilgi i\u00e7eren i\u015fletme profilleri<br>Hareket halindeyken eri\u015fim i\u00e7in mobil uygulamalar<br>\u0130\u015fletme sahipleri i\u00e7in analizler ve i\u00e7g\u00f6r\u00fcler<\/p>\n\n\n\n<p>Size bildirimde bulunarak veya bulunmaks\u0131z\u0131n Hizmetleri herhangi bir zamanda de\u011fi\u015ftirme, ask\u0131ya alma veya durdurma hakk\u0131m\u0131z\u0131 sakl\u0131 tutar\u0131z.<\/p>\n\n\n\n<ol start=\"3\" class=\"wp-block-list\">\n<li>Kullan\u0131c\u0131 Hesaplar\u0131<br>Hizmetlerimizin belirli \u00f6zelliklerine eri\u015fmek i\u00e7in bir hesap olu\u015fturman\u0131z gerekebilir. Kay\u0131t i\u015flemi s\u0131ras\u0131nda do\u011fru, g\u00fcncel ve eksiksiz bilgiler vermeyi ve bu bilgileri do\u011fru, g\u00fcncel ve eksiksiz tutmak i\u00e7in g\u00fcncellemeyi kabul edersiniz. \u015eifrenizi korumaktan ve hesab\u0131n\u0131z alt\u0131nda ger\u00e7ekle\u015fen t\u00fcm faaliyetlerden siz sorumlusunuz. Hesab\u0131n\u0131z\u0131n herhangi bir yetkisiz kullan\u0131m\u0131n\u0131 derhal bize bildirmeyi kabul edersiniz.<\/li>\n\n\n\n<li>\u0130\u015fletme Listeleri ve \u0130\u00e7erik<br>\u0130\u015fletme sahipleri, i\u015fletme listing'lerini platformumuzda olu\u015fturabilir ve y\u00f6netebilir. Bir i\u015fletme listing g\u00f6ndererek, BizNest'e bu t\u00fcr i\u00e7eri\u011fi herhangi bir ortamda kullanmak, \u00e7o\u011faltmak, de\u011fi\u015ftirmek, uyarlamak, yay\u0131nlamak, terc\u00fcme etmek, t\u00fcrev \u00e7al\u0131\u015fmalar olu\u015fturmak, da\u011f\u0131tmak ve g\u00f6r\u00fcnt\u00fclemek i\u00e7in m\u00fcnhas\u0131r olmayan, d\u00fcnya \u00e7ap\u0131nda, telifsiz, kal\u0131c\u0131 ve geri al\u0131namaz bir lisans verirsiniz. G\u00f6nderdi\u011finiz herhangi bir i\u00e7erik i\u00e7in bize bu lisans\u0131 vermek i\u00e7in gerekli haklara sahip oldu\u011funuzu beyan ve garanti edersiniz.<\/li>\n<\/ol>\n\n\n\n<p>\u0130\u015f listing'nizde sa\u011flad\u0131\u011f\u0131n\u0131z bilgilerin do\u011frulu\u011fundan, eksiksizli\u011finden ve yasall\u0131\u011f\u0131ndan yaln\u0131zca siz sorumlusunuz. Tamamen kendi takdirimize ba\u011fl\u0131 olarak, bu \u015eartlar\u0131 ihlal etti\u011fine veya ba\u015fka bir \u015fekilde uygunsuz oldu\u011funa inand\u0131\u011f\u0131m\u0131z herhangi bir listing'yi kald\u0131rma hakk\u0131m\u0131z\u0131 sakl\u0131 tutar\u0131z.<\/p>\n\n\n\n<ol start=\"5\" class=\"wp-block-list\">\n<li>Do\u011frulama Rozeti<br>BizNest, do\u011frulama s\u00fcrecimizi tamamlayan i\u015fletmeler i\u00e7in bir \u201cDo\u011frulama Rozeti\u201d sunabilir. Bu s\u00fcre\u00e7, i\u015fletme kay\u0131t sertifikalar\u0131, lisanslar veya di\u011fer yasal faaliyet kan\u0131tlar\u0131 gibi resmi i\u015fletme belgelerini g\u00f6ndermenizi gerektirebilir. Bu belgeleri g\u00f6ndererek, bunlar\u0131 incelememiz ve do\u011frulamam\u0131z i\u00e7in bize yetki vermi\u015f olursunuz.<\/li>\n<\/ol>\n\n\n\n<p>Do\u011frulama Rozeti, bir i\u015fletmenin do\u011frulama s\u00fcrecimizi tamamlad\u0131\u011f\u0131n\u0131 belirtmek i\u00e7in tasarlanm\u0131\u015ft\u0131r ve i\u015fletmenin kalitesi, g\u00fcvenilirli\u011fi veya yasall\u0131\u011f\u0131 i\u00e7in bir onay veya garanti te\u015fkil etmez. Tamamen kendi takdirimize ba\u011fl\u0131 olarak Do\u011frulama Rozeti verme, reddetme veya iptal etme hakk\u0131m\u0131z\u0131 sakl\u0131 tutar\u0131z.<\/p>\n\n\n\n<ol start=\"6\" class=\"wp-block-list\">\n<li>Kullan\u0131c\u0131 Davran\u0131\u015f\u0131<br>Hizmetleri \u015fu ama\u00e7larla kullanmayaca\u011f\u0131n\u0131z\u0131 kabul edersiniz:<\/li>\n<\/ol>\n\n\n\n<p>Yanl\u0131\u015f, yan\u0131lt\u0131c\u0131, karalay\u0131c\u0131, m\u00fcstehcen veya ba\u015fka bir \u015fekilde sak\u0131ncal\u0131 herhangi bir i\u00e7erik yay\u0131nlamak.<br>Y\u00fcr\u00fcrl\u00fckteki yasa veya y\u00f6netmelikleri ihlal etmek.<br>Ba\u015fkalar\u0131n\u0131n fikri m\u00fclkiyet haklar\u0131n\u0131 ihlal etmek.<br>Herhangi bir hileli veya aldat\u0131c\u0131 uygulamada bulunmak.<br>Di\u011fer kullan\u0131c\u0131lar hakk\u0131nda onlar\u0131n r\u0131zas\u0131 olmadan ki\u015fisel veri toplamak veya saklamak.<br>Hizmetlere veya sunucular\u0131m\u0131za ya da a\u011flar\u0131m\u0131za m\u00fcdahale etmek veya bunlar\u0131 bozmak.<\/p>\n\n\n\n<p>Tamamen kendi takdirimize ba\u011fl\u0131 olarak, bu h\u00fckm\u00fc ihlal eden herkese kar\u015f\u0131, s\u0131n\u0131rlama olmaks\u0131z\u0131n, rahats\u0131z edici i\u00e7eri\u011fi Hizmetlerden kald\u0131rmak ve bu t\u00fcr ihlalcilerin hesaplar\u0131n\u0131 feshetmek de dahil olmak \u00fczere, soru\u015fturma ve uygun yasal i\u015flem yapma hakk\u0131m\u0131z\u0131 sakl\u0131 tutar\u0131z.<\/p>\n\n\n\n<ol start=\"7\" class=\"wp-block-list\">\n<li>Fikri M\u00fclkiyet<br>BizNest logosu, tasar\u0131m, metin, grafik ve di\u011fer dosyalar dahil ancak bunlarla s\u0131n\u0131rl\u0131 olmamak \u00fczere Hizmetlerdeki t\u00fcm i\u00e7erik ve materyaller, BizNest'in veya lisans verenlerinin m\u00fclkiyetindedir ve telif hakk\u0131, ticari marka ve di\u011fer fikri m\u00fclkiyet yasalar\u0131 ile korunmaktad\u0131r. \u00d6nceden yaz\u0131l\u0131 iznimiz olmadan Hizmetlerimizdeki herhangi bir i\u00e7eri\u011fi kullanamaz, kopyalayamaz, \u00e7o\u011faltamaz, de\u011fi\u015ftiremez, da\u011f\u0131tamaz veya g\u00f6r\u00fcnt\u00fcleyemezsiniz.<\/li>\n\n\n\n<li>Sorumluluk Reddi ve S\u0131n\u0131rland\u0131r\u0131lmas\u0131<br>HI\u0307ZMETLER, A\u00c7IK VEYA ZIMNI\u0307 HERHANGI\u0307 BI\u0307R GARANTI\u0307 OLMAKSIZIN \u201cOLDU\u011eU GI\u0307BI\u0307\u201d VE \u201cMEVCUT OLDU\u011eU GI\u0307BI\u0307\u201d SA\u011eLANMAKTADIR. BI\u0307ZNEST, TI\u0307CARI\u0307 ELVERI\u0307\u015eLI\u0307LI\u0307K, BELI\u0307RLI\u0307 BI\u0307R AMACA UYGUNLUK VE I\u0307HLAL ETMEME GI\u0307BI\u0307 ZIMNI\u0307 GARANTI\u0307LER DAHI\u0307L ANCAK BUNLARLA SINIRLI OLMAMAK \u00dcZERE A\u00c7IK VEYA ZIMNI\u0307 T\u00dcM GARANTI\u0307LERI\u0307 REDDEDER.<\/li>\n<\/ol>\n\n\n\n<p>BI\u0307ZNEST HI\u0307\u00c7BI\u0307R DURUMDA (A) HI\u0307ZMETLERE ERI\u0307\u015eI\u0307MI\u0307NI\u0307Z VEYA HI\u0307ZMETLERI\u0307 KULLANMANIZ VEYA KULLANAMAMANIZ; (B) HI\u0307ZMETLERDEKI\u0307 HERHANGI\u0307 BI\u0307R \u00dc\u00c7\u00dcNC\u00dc \u015eAHSIN DAVRANI\u015eI VEYA I\u0307\u00c7ERI\u0307\u011eI\u0307; VEYA (C) I\u0307LETI\u0307LERI\u0307NI\u0307ZE VEYA I\u0307\u00c7ERI\u0307\u011eI\u0307NI\u0307ZE YETKI\u0307SI\u0307Z ERI\u0307\u015eI\u0307M, KULLANIM VEYA DE\u011eI\u0307\u015eTI\u0307RI\u0307LMESI\u0307NDEN KAYNAKLANAN DOLAYLI, ARIZI\u0307, \u00d6ZEL, SONU\u00c7SAL VEYA CEZAI\u0307 ZARARLARDAN VEYA DO\u011eRUDAN VEYA DOLAYLI OLARAK MEYDANA GELEN KAR VEYA GELI\u0307R KAYIPLARINDAN VEYA VERI\u0307, KULLANIM, I\u0307TI\u0307BAR VEYA DI\u0307\u011eER MADDI\u0307 OLMAYAN KAYIPLARDAN SORUMLU TUTULAMAZ.<\/p>\n\n\n\n<ol start=\"9\" class=\"wp-block-list\">\n<li>Ge\u00e7erli Hukuk ve Yarg\u0131 Yetkisi<br>Bu Ko\u015fullar, kanunlar ihtilaf\u0131 h\u00fck\u00fcmlerine bak\u0131lmaks\u0131z\u0131n Kuzey K\u0131br\u0131s T\u00fcrk Cumhuriyeti (KKTC) kanunlar\u0131na tabi olacak ve bu kanunlara g\u00f6re yorumlanacakt\u0131r. Bu Ko\u015fullardan kaynaklanan her t\u00fcrl\u00fc hukuki meselenin \u00e7\u00f6z\u00fcm\u00fcnde KKTC'de bulunan mahkemelerin m\u00fcnhas\u0131r yarg\u0131 yetkisine tabi olmay\u0131 kabul etmektesiniz.<\/li>\n\n\n\n<li>\u015eartlarda Yap\u0131lan De\u011fi\u015fiklikler<br>Tamamen kendi takdirimize ba\u011fl\u0131 olarak, bu \u015eartlar\u0131 herhangi bir zamanda de\u011fi\u015ftirme veya de\u011fi\u015ftirme hakk\u0131m\u0131z\u0131 sakl\u0131 tutar\u0131z. Bir revizyonun \u00f6nemli olmas\u0131 halinde, yeni \u015fartlar\u0131n y\u00fcr\u00fcrl\u00fc\u011fe girmesinden en az 30 g\u00fcn \u00f6nce bildirimde bulunaca\u011f\u0131z. Neyin \u00f6nemli bir de\u011fi\u015fiklik te\u015fkil etti\u011fi tamamen bizim takdirimize ba\u011fl\u0131 olarak belirlenecektir.<\/li>\n\n\n\n<li>\u0130leti\u015fim Bilgileri<br>Bu \u015eartlar hakk\u0131nda herhangi bir sorunuz varsa, l\u00fctfen bizimle \u015fu adresten ileti\u015fime ge\u00e7in <a href=\"mailto:support@biznest.com\">support@biznest.com<\/a>.<\/li>\n<\/ol>\n\n\n\n<p><\/p>","protected":false},"excerpt":{"rendered":"<p>Son G\u00fcncelleme: 3 Ekim 2025 BizNest'e (\u201cBizNest\u201d, \u201cbiz\u201d, \u201cbize\u201d veya \u201cbizim\u201d) ho\u015f geldiniz. Bu Hizmet \u015eartlar\u0131 (\u201c\u015eartlar\u201d), BizNest web sitesine, mobil uygulamalar\u0131na ve hizmetlerine (topluca \u201cHizmetler\u201d) eri\u015fiminizi ve bunlar\u0131 kullan\u0131m\u0131n\u0131z\u0131 y\u00f6netir. Hizmetlerimize eri\u015ferek veya bunlar\u0131 kullanarak, bu \u015eartlara tabi olmay\u0131 kabul edersiniz. E\u011fer kabul etmiyorsan\u0131z [...]<\/p>","protected":false},"author":1,"featured_media":0,"parent":0,"menu_order":0,"comment_status":"closed","ping_status":"closed","template":"","meta":{"footnotes":""},"class_list":["post-838","page","type-page","status-publish","hentry"],"_links":{"self":[{"href":"https:\/\/biznestco.com\/tr\/wp-json\/wp\/v2\/pages\/838","targetHints":{"allow":["GET"]}}],"collection":[{"href":"https:\/\/biznestco.com\/tr\/wp-json\/wp\/v2\/pages"}],"about":[{"href":"https:\/\/biznestco.com\/tr\/wp-json\/wp\/v2\/types\/page"}],"author":[{"embeddable":true,"href":"https:\/\/biznestco.com\/tr\/wp-json\/wp\/v2\/users\/1"}],"replies":[{"embeddable":true,"href":"https:\/\/biznestco.com\/tr\/wp-json\/wp\/v2\/comments?post=838"}],"version-history":[{"count":3,"href":"https:\/\/biznestco.com\/tr\/wp-json\/wp\/v2\/pages\/838\/revisions"}],"predecessor-version":[{"id":841,"href":"https:\/\/biznestco.com\/tr\/wp-json\/wp\/v2\/pages\/838\/revisions\/841"}],"wp:attachment":[{"href":"https:\/\/biznestco.com\/tr\/wp-json\/wp\/v2\/media?parent=838"}],"curies":[{"name":"wp","href":"https:\/\/api.w.org\/{rel}","templated":true}]}}