{"id":77,"date":"2018-11-02T10:41:38","date_gmt":"2018-11-02T10:41:38","guid":{"rendered":"http:\/\/listeo.wpengine.com\/?page_id=44"},"modified":"2025-09-21T16:52:44","modified_gmt":"2025-09-21T16:52:44","slug":"liste-ekle","status":"publish","type":"page","link":"https:\/\/biznestco.com\/tr\/liste-ekle\/","title":{"rendered":"\u0130\u015fletmenizi Sergilemeye Ba\u015flay\u0131n"},"content":{"rendered":"<!-- <div class=\"notification notice large margin-bottom-55\">\r\n\t<h4>Hesab\u0131n\u0131z yok mu?<\/h4>\r\n\t<p>E\u011fer hesab\u0131n\u0131z yoksa l\u00fctfen a\u015fa\u011f\u0131daki formu kullanarak kaydolun. Bir \u015fifre otomatik olarak size e-posta ile g\u00f6nderilecektir.<\/p>\r\n<\/div> --><ul class=\"tabs-nav\">\n\t<li id=\"listeo-logintab-btn\" class=\"\"><a href=\"#tab1\">Giri\u015f Yap<\/a><\/li>\n\t<li id=\"listeo-registration-btn\"><a href=\"#tab2\">Kay\u0131t Ol<\/a><\/li>\n<\/ul>\n\n<div class=\"tabs-container alt\">\n\n\t<!-- Login -->\n\t<div class=\"tab-content\" id=\"tab1\" style=\"display: none;\">\n\t\t\t\t\t\t<form method=\"post\" id=\"login\" class=\"login\" action=\"https:\/\/biznestco.com\/wp-login.php\">\n\t\t\t\t\n\t\t\t\t\t\t\t\t<p class=\"form-row form-row-wide\">\n\t\t\t\t\t<label for=\"user_login\">\n\t\t\t\t\t\t<i class=\"sl sl-icon-user\"><\/i>\n\t\t\t\t\t\t<input placeholder=\"Kullan\u0131c\u0131 Ad\u0131\/E-posta\" type=\"text\" class=\"input-text\" name=\"log\" id=\"user_login\" value=\"\" \/>\n\t\t\t\t\t<\/label>\n\t\t\t\t<\/p>\n\n\n\t\t\t\t<p class=\"form-row form-row-wide\">\n\t\t\t\t\t<label for=\"user_pass\">\n\t\t\t\t\t\t<i class=\"sl sl-icon-lock\"><\/i>\n\t\t\t\t\t\t<input placeholder=\"\u015eifre\" class=\"input-text\" type=\"password\" name=\"pwd\" id=\"user_pass\" \/>\n\n\t\t\t\t\t<\/label>\n\t\t\t\t\t<span class=\"lost_password\">\n\t\t\t\t\t\t<a href=\"https:\/\/biznestco.com\/wp-login.php?action=lostpassword\">\u015eifrenizi unuttunuz mu?<\/a>\n\t\t\t\t\t<\/span>\n\t\t\t\t<\/p>\n\n\t\t\t\t<div class=\"form-row\">\n\t\t\t\t\t<input type=\"hidden\" id=\"login_security\" name=\"login_security\" value=\"149c9ee372\" \/><input type=\"hidden\" name=\"_wp_http_referer\" value=\"\/tr\/wp-json\/wp\/v2\/pages\/77\" \/>\t\t\t\t\t<input type=\"submit\" class=\"button border margin-top-5\" name=\"login\" value=\"Giri\u015f\" \/>\n\t\t\t\t\t<div class=\"checkboxes margin-top-10\">\n\t\t\t\t\t\t<input name=\"rememberme\" type=\"checkbox\" id=\"remember-me\" value=\"forever\" \/>\n\t\t\t\t\t\t<label for=\"remember-me\">Beni Hat\u0131rla<\/label>\n\n\t\t\t\t\t<\/div>\n\t\t\t\t<\/div>\n\t\t\t\t<div class=\"notification error closeable\" style=\"display: none; margin-top: 20px; margin-bottom: 0px;\">\n\t\t\t\t\t<p><\/p>\n\t\t\t\t<\/div>\n\t\t\t\t<\/form>\n\t<\/div>\n\n\t<!-- Register -->\n\t<div class=\"tab-content\" id=\"tab2\" style=\"display: none;\">\n\t\t\t\t\t\t\t<form enctype=\"multipart\/form-data\" class=\"register listeo-registration-form\" id=\"register\" action=\"https:\/\/biznestco.com\/wp-login.php?action=register\" method=\"post\">\n\t\t\t\t\t\t\t\t\t\t<div class=\"listeo-register-form-fields-container\" data-otp-type=\"email\">\n\t\t\t\t\t\t\t\t\t\t\t\t\t<div class=\"account-type\">\n\t\t\t\t\t\t\t\t<div>\n\t\t\t\t\t\t\t\t\t<input type=\"radio\" name=\"user_role\" id=\"freelancer-radio\" value=\"guest\" class=\"account-type-radio\"  checked \/>\n\t\t\t\t\t\t\t\t\t<label for=\"freelancer-radio\"><i class=\"sl sl-icon-user\"><\/i> Misafir<\/label>\n\t\t\t\t\t\t\t\t<\/div>\n\t\t\t\t\t\t\t\t\t\t\t\t\t\t\t\t\t<div>\n\t\t\t\t\t\t\t\t\t\t<input type=\"radio\" name=\"user_role\" id=\"employer-radio\" value=\"owner\" class=\"account-type-radio\"  \/>\n\t\t\t\t\t\t\t\t\t\t<label for=\"employer-radio\"><i class=\"sl sl-icon-briefcase\"><\/i> Sahibi<\/label>\n\t\t\t\t\t\t\t\t\t<\/div>\n\t\t\t\t\t\t\t\t\t\t\t\t\t\t\t<\/div>\n\t\t\t\t\t\t\t<div class=\"clearfix\"><\/div>\n\t\t\t\t\t\t\t\t\t\t\t\t\n\t\t\t\t\t\t<p class=\"form-row form-row-wide\">\n\t\t\t\t\t\t\t<label for=\"email\">\n\t\t\t\t\t\t\t\t<i class=\"sl sl-icon-envelope-open\"><\/i>\n\t\t\t\t\t\t\t\t<input required type=\"email\" placeholder=\"E-posta Adresi\" class=\"input-text\" name=\"email\" id=\"email\" value=\"\" \/>\n\t\t\t\t\t\t\t<\/label>\n\t\t\t\t\t\t<\/p>\n\n\t\t\t\t\t\t\t\t\t\t\t\t\t<div class=\"password-field-wrapper\">\n\t\t\t\t\t\t\t\t<p class=\"form-row form-row-wide\" id=\"password-row\">\n\t\t\t\t\t\t\t\t\t<label for=\"password1\">\n\t\t\t\t\t\t\t\t\t\t<i class=\"sl sl-icon-lock\"><\/i>\n\t\t\t\t\t\t\t\t\t\t<input required placeholder=\"\u015eifre\" class=\"input-text\" type=\"password\" name=\"password\" id=\"password1\" \/>\n\t\t\t\t\t\t\t\t\t\t<span class=\"pwstrength_viewport_progress\"><\/span>\n\t\t\t\t\t\t\t\t\t<\/label>\n\t\t\t\t\t\t\t\t<\/p>\n\t\t\t\t\t\t\t\t\t\t\t\t\t\t\t<\/div>\n\t\t\t\t\t\t\n\t\t\t\t\t\t\t\t\t\t\t\t\t<p class=\"form-row form-row-wide\">\n\t\t\t\t\t\t\t\t<label for=\"first-name\">\n\t\t\t\t\t\t\t\t\t<i class=\"sl sl-icon-pencil\"><\/i>\n\t\t\t\t\t\t\t\t\t<input required placeholder=\"Reklam\" type=\"text\" name=\"first_name\" id=\"first-name\"><\/label>\n\t\t\t\t\t\t\t<\/p>\n\n\t\t\t\t\t\t\t<p class=\"form-row form-row-wide\">\n\t\t\t\t\t\t\t\t<label for=\"last-name\">\n\t\t\t\t\t\t\t\t\t<i class=\"sl sl-icon-pencil\"><\/i>\n\t\t\t\t\t\t\t\t\t<input required placeholder=\"Soyad\" type=\"text\" name=\"last_name\" id=\"last-name\">\n\t\t\t\t\t\t\t\t<\/label>\n\t\t\t\t\t\t\t<\/p>\n\t\t\t\t\t\t\n\t\t\t\t\t\t\n\n\t\t\t\t\t\t<!-- \/\/extra fields -->\n\t\t\t\t\t\t<div id=\"listeo-core-registration-fields\">\n\t\t\t\t\t\t\t\t\t\t<div id=\"listeo-core-registration-guest-fields\">\r\n\t\t\t\t\t\t\t\t\t<label class=\"listeo-registration-custom-text\" id=\"listeo-registration-custom-phone\" for=\"phone\">\r\n\r\n\t\t\t\t\t\t\r\n\t\t\t\t\t\t\t<i class=\"fa fa-fas fa-phone\"><\/i>\r\n\r\n<input type=\"text\" \r\n\tclass=\"input-text phone\" \r\n\r\n\tname=\"phone\"\r\n\t \r\n\tid=\"phone\" \r\n\tplaceholder=\"Telefon\" \r\n\tvalue=\"\" \r\n\t\r\n\t\tmaxlength=\"\" \r\n\t \r\n\t \r\n\r\n\t\/>\r\n\r\n\r\n\t\t\t\t\t<\/label>\r\n\t\t\t\t\t\t\t<\/div>\r\n\t\t\t\t\t\t\t\t<\/div>\n\n\n\t\t\t\t\t\t<!-- eof custom fields -->\n\n\t\t\t\t\t\t\n\t\t\t\t\t\t\n\t\t\t\t\t\t\t\t\t\t\t\t\n\t\t\t\t\t\t\t\t\t\t\t\t\t<p class=\"form-row margin-top-10 checkboxes margin-bottom-10\">\n\t\t\t\t\t\t\t\t<input type=\"checkbox\" id=\"privacy_policy\" name=\"privacy_policy\">\n\t\t\t\t\t\t\t\t<label for=\"privacy_policy\">\u015eunlar\u0131 kabul ediyorum <a target=\"_blank\" href=\"https:\/\/biznestco.com\/tr\/gizlilik-politikasi\/\">Gizlilik Politikas\u0131<\/a> <\/label>\n\n\t\t\t\t\t\t\t<\/p>\n\n\t\t\t\t\t\t\n\t\t\t\t\t\t\t\t\t\t\t\t\t<p class=\"form-row margin-top-10 checkboxes margin-bottom-10\">\n\t\t\t\t\t\t\t\t<input type=\"checkbox\" id=\"terms_and_conditions\" name=\"terms_and_conditions\">\n\t\t\t\t\t\t\t\t<label for=\"terms_and_conditions\">\u015eunlar\u0131 kabul ediyorum <a target=\"_blank\" href=\"https:\/\/biznestco.com\/tr\/terms-of-service\/\">\u015eartlar ve Ko\u015fullar<\/a> <\/label>\n\n\t\t\t\t\t\t\t<\/p>\n\t\t\t\t\t\t\t\t\t\t\t<\/div>\n\t\t\t\t\t\t\t\t\t\t\t<div class=\"otp_registration-wrapper\" style=\"display: none\">\n\t\t\t\t\t\t\t\t\t\t\t\t\t\t<div class=\"otp_registration\">\n\t\t\t\t\t\t\t\t<h4>Do\u011frulama Kodu<\/h4>\n\n\t\t\t\t\t\t\t\t<p class=\"form-row margin-top-10 otp_code margin-bottom-10\">\n\n\t\t\t\t\t\t\t\t\tL\u00fctfen e-posta adresinize g\u00f6nderilen 4 haneli kodu girin.\t\t\t\t\t\t\t\t\t\t\t\t\t\t\t\t\t\t<span class=\"otp-countdown-valid-text\">Kodun ge\u00e7erlilik s\u00fcresi <\/span> <span class=\"otp-countdown\"><\/span>\n\t\t\t\t\t\t\t\t\t<a id=\"resend_otp\" class=\"hidden\" href=\"#\">Zaman ge\u00e7ti, kodu yeniden g\u00f6ndermek i\u00e7in buraya t\u0131klay\u0131n<\/a>\n\t\t\t\t\t\t\t\t<\/p>\n\n\n\n\t\t\t\t\t\t\t\t<div id=\"listeo_otp-inputs\">\n\t\t\t\t\t\t\t\t\t<input type=\" tel\" name=\"listeo_otp[token][code_1]\" required=\"required\" class=\"field__token\" autocomplete=\"off\" data-error=\"error_second_step_authentication_token\" data-input-type=\"user\">\n\t\t\t\t\t\t\t\t\t<input type=\"tel\" name=\"listeo_otp[token][code_2]\" required=\"required\" class=\"field__token\" autocomplete=\"off\" data-error=\"error_second_step_authentication_token\" data-input-type=\"user\">\n\t\t\t\t\t\t\t\t\t<input type=\"tel\" name=\"listeo_otp[token][code_3]\" required=\"required\" class=\"field__token\" autocomplete=\"off\" data-error=\"error_second_step_authentication_token\" data-input-type=\"user\">\n\t\t\t\t\t\t\t\t\t<input type=\"tel\" name=\"listeo_otp[token][code_4]\" required=\"required\" class=\"field__token\" autocomplete=\"off\" data-error=\"error_second_step_authentication_token\" data-input-type=\"user\">\n\n\t\t\t\t\t\t\t\t<\/div>\n\n\t\t\t\t\t\t\t\t<span id=\"error_listeo_otp\" class=\"hidden\">Yanl\u0131\u015f yetkilendirme kodu. Daha sonra tekrar deneyin.<\/span>\n\t\t\t\t\t\t\t\t<span id=\"error_listeo_otp_time\" class=\"hidden\">Kodun s\u00fcresi doldu. Daha sonra tekrar deneyin.<\/span>\n\t\t\t\t\t\t\t\t<span id=\"error_listeo_otp_general\" class=\"hidden\">Bir \u015feyler yanl\u0131\u015f gitti. Daha sonra tekrar deneyin.<\/span>\n\n\n\t\t\t\t\t\t\t<\/div>\n\t\t\t\t\t\t\t<input type=\"submit\" class=\"button border fw margin-top-10\" name=\"register\" value=\"Kay\u0131t Ol\" \/>\n\t\t\t\t\t\t\t\t\t\t\t\t\t<\/div>\n\t\t\t\t\t\n\t\t\t\t\t<input type=\"hidden\" id=\"register_security\" name=\"register_security\" value=\"149c9ee372\" \/><input type=\"hidden\" name=\"_wp_http_referer\" value=\"\/tr\/wp-json\/wp\/v2\/pages\/77\" \/>\n\t\t\t\t\t\t\t\t\t\t\t<a class=\"button fw margin-top-10\" id=\"otp_submit\" name=\"otp\">Kay\u0131t Ol<\/a>\n\t\t\t\t\t\t\t\t\t\t<div class=\"notification error closeable\" style=\"display: none;margin-top: 20px; margin-bottom: 0px;\">\n\t\t\t\t\t\t<p><\/p>\n\t\t\t\t\t<\/div>\n\n\t\t\t\t\t<\/form>\n\n\t\t\t\t\t<div class=\"listeo-custom-fields-wrapper\">\n\t\t\t\t\t\t\t\t\t<div id=\"listeo-core-registration-owner-fields\">\r\n\t\t\t\t\t\t\t\t\t<label class=\"listeo-registration-custom-text\" id=\"listeo-registration-custom-phone\" for=\"phone\">\r\n\r\n\t\t\t\t\t\t\r\n\t\t\t\t\t\t\t<i class=\"fa fa-fas fa-phone\"><\/i>\r\n\r\n<input type=\"text\" \r\n\tclass=\"input-text phone\" \r\n\r\n\tname=\"phone\"\r\n\t \r\n\tid=\"phone\" \r\n\tplaceholder=\"Telefon\" \r\n\tvalue=\"\" \r\n\t\r\n\t\tmaxlength=\"\" \r\n\trequired\t\t\/>\r\n\r\n\r\n\t\t\t\t\t<\/label>\r\n\t\t\t\t\t\t\t<\/div>\r\n\t\t\t\t\t\t\t\t\t\t\t<div id=\"listeo-core-registration-guest-fields\">\r\n\t\t\t\t\t\t\t\t\t<label class=\"listeo-registration-custom-text\" id=\"listeo-registration-custom-phone\" for=\"phone\">\r\n\r\n\t\t\t\t\t\t\r\n\t\t\t\t\t\t\t<i class=\"fa fa-fas fa-phone\"><\/i>\r\n\r\n<input type=\"text\" \r\n\tclass=\"input-text phone\" \r\n\r\n\tname=\"phone\"\r\n\t \r\n\tid=\"phone\" \r\n\tplaceholder=\"Telefon\" \r\n\tvalue=\"\" \r\n\t\r\n\t\tmaxlength=\"\" \r\n\t \r\n\t \r\n\r\n\t\/>\r\n\r\n\r\n\t\t\t\t\t<\/label>\r\n\t\t\t\t\t\t\t<\/div>\r\n\t\t\t\t\t\t\t<\/div>\n\t\t\t\t\t<\/div>\n\n<\/div>","protected":false},"excerpt":{"rendered":"","protected":false},"author":1,"featured_media":0,"parent":0,"menu_order":0,"comment_status":"closed","ping_status":"closed","template":"template-dashboard.php","meta":{"footnotes":""},"class_list":["post-77","page","type-page","status-publish","hentry"],"_links":{"self":[{"href":"https:\/\/biznestco.com\/tr\/wp-json\/wp\/v2\/pages\/77","targetHints":{"allow":["GET"]}}],"collection":[{"href":"https:\/\/biznestco.com\/tr\/wp-json\/wp\/v2\/pages"}],"about":[{"href":"https:\/\/biznestco.com\/tr\/wp-json\/wp\/v2\/types\/page"}],"author":[{"embeddable":true,"href":"https:\/\/biznestco.com\/tr\/wp-json\/wp\/v2\/users\/1"}],"replies":[{"embeddable":true,"href":"https:\/\/biznestco.com\/tr\/wp-json\/wp\/v2\/comments?post=77"}],"version-history":[{"count":0,"href":"https:\/\/biznestco.com\/tr\/wp-json\/wp\/v2\/pages\/77\/revisions"}],"wp:attachment":[{"href":"https:\/\/biznestco.com\/tr\/wp-json\/wp\/v2\/media?parent=77"}],"curies":[{"name":"wp","href":"https:\/\/api.w.org\/{rel}","templated":true}]}}