{"id":68,"date":"2018-11-02T10:41:38","date_gmt":"2018-11-02T10:41:38","guid":{"rendered":"http:\/\/listeo.wpengine.com\/?page_id=29"},"modified":"2025-09-21T19:06:23","modified_gmt":"2025-09-21T19:06:23","slug":"bir-sey-ariyorum","status":"publish","type":"page","link":"https:\/\/biznestco.com\/tr\/bir-sey-ariyorum\/","title":{"rendered":"Bir \u015fey mi ar\u0131yorsunuz?"},"content":{"rendered":"<div data-elementor-type=\"wp-page\" data-elementor-id=\"68\" class=\"elementor elementor-68\" data-elementor-post-type=\"page\">\n\t\t\t\t<div class=\"elementor-element elementor-element-953b3f8 e-flex e-con-boxed e-con e-parent\" data-id=\"953b3f8\" data-element_type=\"container\">\n\t\t\t\t\t<div class=\"e-con-inner\">\n\t\t<div class=\"elementor-element elementor-element-68d5080 e-con-full e-flex e-con e-child\" data-id=\"68d5080\" data-element_type=\"container\">\n\t\t\t\t<div class=\"elementor-element elementor-element-df6c124 elementor-widget elementor-widget-shortcode\" data-id=\"df6c124\" data-element_type=\"widget\" data-widget_type=\"shortcode.default\">\n\t\t\t\t<div class=\"elementor-widget-container\">\n\t\t\t\t\t\t\t<div class=\"elementor-shortcode\">\r\n\t\t\t<div class=\"row margin-bottom-25\">\r\n\r\n\t\t\t\t\n\t<div class=\"col-md-3 col-xs-6\">\n\t\t<!-- Layout Switcher -->\n\t\t<div class=\"layout-switcher\">\n\t\t\t\t\t\t\t<a href=\"#\" data-layout=\"grid\" class=\"grid\"><i class=\"fa fa-th\"><\/i><\/a>\n\t\t\t\t<a href=\"#\" data-layout=\"list\" class=\"list\"><i class=\"fa fa-align-justify\"><\/i><\/a>\n\t\t\t\t\t<\/div>\n\t<\/div>\n\n\n<!-- Sorting \/ Layout Switcher -->\n\t<div class=\"col-md-9\">\n\t\t\t<div class=\"fullwidth-filters  ajax-search\">\n\n\t\t\t\n\t\t\t\n\t\t\t\t\t\t\t<!-- Sort by -->\n\t\t\t\t<div class=\"sort-by\">\n\t\t\t\t\t<div class=\"sort-by-select\">\n\t\t\t\t\t\t\t\t\t\t\t\t\t\t\t\t\t\t<select form=\"listeo_core-search-form\" name=\"listeo_core_order\" data-placeholder=\"Varsay\u0131lan s\u0131ralama\" class=\"select2-sortby orderby\">\n\t\t\t\t\t\t\t<option  value=\"default\">Varsay\u0131lan S\u0131ralama<\/option>\n\t\t\t\t\t\t\t\t\t\t\t\t\t\t\t<option  selected='selected' value=\"best-match\">\n\t\t\t\t\t\t\t\t\tEn \u0130yi E\u015fle\u015fme\t\t\t\t\t\t\t\t<\/option>\n\t\t\t\t\t\t\t\t\t\t\t\t\t\t\t\t\t\t\t\t\t\t<option  value=\"distance\" class=\"distance-sort\">\n\t\t\t\t\t\t\t\t\tEn Yak\u0131n \u0130lk\t\t\t\t\t\t\t\t<\/option>\n\t\t\t\t\t\t\t\t\t\t\t\t\t\t <option  value=\"highest-rated\">En Y\u00fcksek Puanl\u0131<\/option>\t\t\t\t\t\t\t\t\t\t\t\t\t\t\t<option  value=\"reviewed\">En \u00c7ok \u0130ncelenen<\/option>\t\t\t\t\t\t\t\t\t\t\t\t\t\t<option  value=\"date-desc\">En Yeni \u0130lanlar<\/option>\t\t\t\t\t\t\t<option  value=\"date-asc\">En Eski \u0130lanlar<\/option>\t\t\t\t\t\t\t<option  value=\"title\">Alfabetik<\/option>\t\t\t\t\t\t\t<option  value=\"featured\">\u00d6ne \u00c7\u0131kanlar<\/option>\t\t\t\t\t\t\t<option  value=\"views\">En \u00c7ok G\u00f6r\u00fcnt\u00fclenen<\/option>\t\t\t\t\t\t\t<option  value=\"verified\">Do\u011frulanm\u0131\u015f<\/option>\t\t\t\t\t\t\t<option  value=\"upcoming-event\">Gelecek Etkinlik<\/option>\t\t\t\t\t\t\t<option  value=\"rand\">Rastgele<\/option>\t\t\t\t\t\t<\/select>\n\t\t\t\t\t<\/div>\n\t\t\t\t<\/div>\n\t\t\t\t<!-- Sort by \/ End -->\n\t\t\t\n\t\t<\/div>\n\t\t<\/div>\t\t\t<\/div>\r\n\t\t<!-- Listings -->\r\n\r\n<div id=\"listeo-listings-container\" \r\ndata-counter=\"58\" \r\ndata-style=\"grid\"  \r\ndata-custom_class=\"new-grid-layout-nl \" \r\ndata-per_page=\"6\" \r\ndata-grid_columns=\"2\" \r\n data-region=\"\"  data-category=\"\"  data-feature=\"\"  data-service_category=\"\" class=\"list-layout new-grid-layout-nl ajax-search\">\r\n\t<div class=\"loader-ajax-container\" > <div class=\"loader-ajax\"><\/div> <\/div><div  class=\"listing-card-container-nl listing-geo-data\" \r\n\t\tdata-title=\"Nur Beauty Center\"\r\n\t\tdata-listing-type=\"service\"\r\n\t\tdata-classifieds-price=\"&#8378;\"\r\n\t\tdata-friendly-address=\"Ada caddesi Ada apartman\u0131 A blok D\u00fckkan1 Bafra, Yeni \u0130skele\"\r\n\t\tdata-address=\"Ada caddesi Ada apartman\u0131 A blok D\u00fckkan1 Bafra, Yeni \u0130skele\"\r\n\t\tdata-image=\"https:\/\/biznestco.com\/wp-content\/uploads\/2026\/01\/nur-520x397.webp\"\r\n\t\tdata-longitude=\"34.0703711\"\r\n\t\tdata-latitude=\"35.3725124\"\r\n\t\t\t\t\tdata-rating=\"0\"\r\n\t\t\tdata-reviews=\"0\"\r\n\t\t\t\tdata-icon=\"&lt;i class=&quot;far fa-circle-xmark&quot;&gt;&lt;\/i&gt;\"\r\n\r\n\t>\r\n    <div class=\"listing-card-nl\">\r\n        <!-- ===== LEFT: IMAGE SLIDER ===== -->\r\n        <div class=\"listing-image-container-nl\">\r\n            <a href=\"https:\/\/biznestco.com\/tr\/ilan\/hair-salons\/nur-beauty-center\/\">\r\n                <div class=\"slider-wrapper-nl\">\r\n                    \t\t\t\t<img decoding=\"async\" src=\"https:\/\/biznestco.com\/wp-content\/uploads\/2026\/01\/nur-520x397.webp\" alt=\"\" class=\"slider-image-nl\">\r\n\t\t                <\/div>\r\n            <\/a>\r\n            \r\n            <div class=\"slider-arrow-nl left-nl\" id=\"prevBtn\"><i class=\"fa-solid fa-chevron-left\"><\/i><\/div>\r\n            <div class=\"slider-arrow-nl right-nl\" id=\"nextBtn\"><i class=\"fa-solid fa-chevron-right\"><\/i><\/div>\r\n            <div class=\"image-overlay-top-nl\">\r\n                <span class=\"listing-category-tag-nl\">Kuaf\u00f6r Salonlar\u0131<\/span>                                    <div class=\"favorite-icon-nl\" id=\"favoriteBtn\">\r\n                        \r\n                                <span class=\"save fa-regular fa-heart tooltip left\" title=\"Yer \u0130mleri i\u00e7in Giri\u015f Yap\u0131n\"><\/span>\r\n                                                    \r\n                    <\/div>\r\n                            <\/div>\r\n        <\/div>\r\n\r\n        <!-- ===== RIGHT: LISTING DETAILS (NOW 2-COLUMN) ===== -->\r\n        <a href=\"https:\/\/biznestco.com\/tr\/ilan\/hair-salons\/nur-beauty-center\/\" class=\"listing-details-nl\">\r\n\r\n            <!-- Main Content Column (Left) -->\r\n            <div class=\"details-main-col-nl\">\r\n                                <h2 class=\"listing-title-nl\">Nur G\u00fczellik Merkezi                    <div class=\"listing-title-badges-nl\">\r\n                                                                    <\/div>\r\n                <\/h2>\r\n                <p class=\"listing-location-nl\">Ada caddesi Ada apartman\u0131 A blok D\u00fckkan1 Bafra, Yeni \u0130skele<\/p>\t            <\/div>\r\n\r\n            <!-- Sidebar Column (Right) -->\r\n            <div class=\"details-sidebar-col-nl\">\r\n                <div class=\"details-sidebar-upper-nl\">\r\n                                                <div class=\"listing-rating-nl\">\r\n                                <div class=\"rating-text-nl no-rating\">Hen\u00fcz inceleme yok<\/div>\r\n                            <\/div>\r\n                                    <\/div>\r\n                            <\/div>\r\n\r\n        <\/a>\r\n\r\n    <\/div>\r\n<\/div><div  class=\"listing-card-container-nl listing-geo-data\" \r\n\t\tdata-title=\"Edge &amp; Co. Barbershop\"\r\n\t\tdata-listing-type=\"service\"\r\n\t\tdata-classifieds-price=\"&#8378;\"\r\n\t\tdata-friendly-address=\"\u015eair Nedim Sok, Sakarya, D\u0131\u015f Kap\u0131 No: Zemin Kat Gazima\u011fusa Bel. \/ Gazima\u011fusa KKTC\"\r\n\t\tdata-address=\"\u015eair Nedim Sok, Sakarya, D\u0131\u015f Kap\u0131 No: Zemin Kat Gazima\u011fusa Bel. \/ Gazima\u011fusa KKTC\"\r\n\t\tdata-image=\"https:\/\/biznestco.com\/wp-content\/uploads\/2026\/01\/unnamed-520x397.webp\"\r\n\t\tdata-longitude=\"33.9217155\"\r\n\t\tdata-latitude=\"35.1352689\"\r\n\t\t\t\t\tdata-rating=\"0\"\r\n\t\t\tdata-reviews=\"0\"\r\n\t\t\t\tdata-icon=\"&lt;i class=&quot;far fa-circle-xmark&quot;&gt;&lt;\/i&gt;\"\r\n\r\n\t>\r\n    <div class=\"listing-card-nl\">\r\n        <!-- ===== LEFT: IMAGE SLIDER ===== -->\r\n        <div class=\"listing-image-container-nl\">\r\n            <a href=\"https:\/\/biznestco.com\/tr\/ilan\/berberler\/edge-co-barbershop\/\">\r\n                <div class=\"slider-wrapper-nl\">\r\n                    \t\t\t\t<img decoding=\"async\" src=\"https:\/\/biznestco.com\/wp-content\/uploads\/2026\/01\/unnamed-520x397.webp\" alt=\"\" class=\"slider-image-nl\">\r\n\t\t                <\/div>\r\n            <\/a>\r\n            \r\n            <div class=\"slider-arrow-nl left-nl\" id=\"prevBtn\"><i class=\"fa-solid fa-chevron-left\"><\/i><\/div>\r\n            <div class=\"slider-arrow-nl right-nl\" id=\"nextBtn\"><i class=\"fa-solid fa-chevron-right\"><\/i><\/div>\r\n            <div class=\"image-overlay-top-nl\">\r\n                <span class=\"listing-category-tag-nl\">Berberler<\/span>                                    <div class=\"favorite-icon-nl\" id=\"favoriteBtn\">\r\n                        \r\n                                <span class=\"save fa-regular fa-heart tooltip left\" title=\"Yer \u0130mleri i\u00e7in Giri\u015f Yap\u0131n\"><\/span>\r\n                                                    \r\n                    <\/div>\r\n                            <\/div>\r\n        <\/div>\r\n\r\n        <!-- ===== RIGHT: LISTING DETAILS (NOW 2-COLUMN) ===== -->\r\n        <a href=\"https:\/\/biznestco.com\/tr\/ilan\/berberler\/edge-co-barbershop\/\" class=\"listing-details-nl\">\r\n\r\n            <!-- Main Content Column (Left) -->\r\n            <div class=\"details-main-col-nl\">\r\n                                <h2 class=\"listing-title-nl\">Edge &amp; Co. Berber D\u00fckkan\u0131                    <div class=\"listing-title-badges-nl\">\r\n                                                                    <\/div>\r\n                <\/h2>\r\n                <p class=\"listing-location-nl\">\u015eair Nedim Sok, Sakarya, D\u0131\u015f Kap\u0131 No: Zemin Kat Gazima\u011fusa Bel. \/ Gazima\u011fusa KKTC<\/p>\t            <\/div>\r\n\r\n            <!-- Sidebar Column (Right) -->\r\n            <div class=\"details-sidebar-col-nl\">\r\n                <div class=\"details-sidebar-upper-nl\">\r\n                                                <div class=\"listing-rating-nl\">\r\n                                <div class=\"rating-text-nl no-rating\">Hen\u00fcz inceleme yok<\/div>\r\n                            <\/div>\r\n                                    <\/div>\r\n                            <\/div>\r\n\r\n        <\/a>\r\n\r\n    <\/div>\r\n<\/div><div  class=\"listing-card-container-nl listing-geo-data\" \r\n\t\tdata-title=\"Vela Yachting LTD\"\r\n\t\tdata-listing-type=\"service\"\r\n\t\tdata-classifieds-price=\"&#8378;\"\r\n\t\tdata-friendly-address=\"20 Temmuz Kordonboyu C. Girne Kalesi Arkas\u0131, Girne\"\r\n\t\tdata-address=\"20 Temmuz Kordonboyu C. Girne Kalesi Arkas\u0131, Girne\"\r\n\t\tdata-image=\"https:\/\/biznestco.com\/wp-content\/uploads\/2026\/01\/20140815_142333-520x397.webp\"\r\n\t\tdata-longitude=\"33.32283900000001\"\r\n\t\tdata-latitude=\"35.342217\"\r\n\t\t\t\t\tdata-rating=\"0\"\r\n\t\t\tdata-reviews=\"0\"\r\n\t\t\t\tdata-icon=\"&lt;i class=&quot;far fa-circle-xmark&quot;&gt;&lt;\/i&gt;\"\r\n\r\n\t>\r\n    <div class=\"listing-card-nl\">\r\n        <!-- ===== LEFT: IMAGE SLIDER ===== -->\r\n        <div class=\"listing-image-container-nl\">\r\n            <a href=\"https:\/\/biznestco.com\/tr\/ilan\/boating\/vela-yachting-ltd\/\">\r\n                <div class=\"slider-wrapper-nl\">\r\n                    \t\t\t\t<img decoding=\"async\" src=\"https:\/\/biznestco.com\/wp-content\/uploads\/2026\/01\/20140815_142333-520x397.webp\" alt=\"\" class=\"slider-image-nl\">\r\n\t\t                <\/div>\r\n            <\/a>\r\n            \r\n            <div class=\"slider-arrow-nl left-nl\" id=\"prevBtn\"><i class=\"fa-solid fa-chevron-left\"><\/i><\/div>\r\n            <div class=\"slider-arrow-nl right-nl\" id=\"nextBtn\"><i class=\"fa-solid fa-chevron-right\"><\/i><\/div>\r\n            <div class=\"image-overlay-top-nl\">\r\n                <span class=\"listing-category-tag-nl\">Tekne Gezisi<\/span>                                    <div class=\"favorite-icon-nl\" id=\"favoriteBtn\">\r\n                        \r\n                                <span class=\"save fa-regular fa-heart tooltip left\" title=\"Yer \u0130mleri i\u00e7in Giri\u015f Yap\u0131n\"><\/span>\r\n                                                    \r\n                    <\/div>\r\n                            <\/div>\r\n        <\/div>\r\n\r\n        <!-- ===== RIGHT: LISTING DETAILS (NOW 2-COLUMN) ===== -->\r\n        <a href=\"https:\/\/biznestco.com\/tr\/ilan\/boating\/vela-yachting-ltd\/\" class=\"listing-details-nl\">\r\n\r\n            <!-- Main Content Column (Left) -->\r\n            <div class=\"details-main-col-nl\">\r\n                                <h2 class=\"listing-title-nl\">Vela Yat\u00e7\u0131l\u0131k LTD                    <div class=\"listing-title-badges-nl\">\r\n                                                                    <\/div>\r\n                <\/h2>\r\n                <p class=\"listing-location-nl\">20 Temmuz Kordonboyu C. Girne Kalesi Arkas\u0131, Girne<\/p>\t            <\/div>\r\n\r\n            <!-- Sidebar Column (Right) -->\r\n            <div class=\"details-sidebar-col-nl\">\r\n                <div class=\"details-sidebar-upper-nl\">\r\n                                                <div class=\"listing-rating-nl\">\r\n                                <div class=\"rating-text-nl no-rating\">Hen\u00fcz inceleme yok<\/div>\r\n                            <\/div>\r\n                                    <\/div>\r\n                            <\/div>\r\n\r\n        <\/a>\r\n\r\n    <\/div>\r\n<\/div><div  class=\"listing-card-container-nl listing-geo-data\" \r\n\t\tdata-title=\"\u00d6zc\u00f6mert bisiklet\"\r\n\t\tdata-listing-type=\"service\"\r\n\t\tdata-classifieds-price=\"&#8378;\"\r\n\t\tdata-friendly-address=\"\u015eafak Sk 4A, Yeni \u0130skele 0392\"\r\n\t\tdata-address=\"\u015eafak Sk 4A, Yeni \u0130skele 0392\"\r\n\t\tdata-image=\"https:\/\/biznestco.com\/wp-content\/uploads\/2026\/01\/2025-07-11-1-520x397.webp\"\r\n\t\tdata-longitude=\"33.8917695\"\r\n\t\tdata-latitude=\"35.284405\"\r\n\t\t\t\t\tdata-rating=\"0\"\r\n\t\t\tdata-reviews=\"0\"\r\n\t\t\t\tdata-icon=\"&lt;i class=&quot;far fa-circle-xmark&quot;&gt;&lt;\/i&gt;\"\r\n\r\n\t>\r\n    <div class=\"listing-card-nl\">\r\n        <!-- ===== LEFT: IMAGE SLIDER ===== -->\r\n        <div class=\"listing-image-container-nl\">\r\n            <a href=\"https:\/\/biznestco.com\/tr\/ilan\/bike-rentals\/ozcomert-bisiklet\/\">\r\n                <div class=\"slider-wrapper-nl\">\r\n                    \t\t\t\t<img decoding=\"async\" src=\"https:\/\/biznestco.com\/wp-content\/uploads\/2026\/01\/2025-07-11-1-520x397.webp\" alt=\"\" class=\"slider-image-nl\">\r\n\t\t                <\/div>\r\n            <\/a>\r\n            \r\n            <div class=\"slider-arrow-nl left-nl\" id=\"prevBtn\"><i class=\"fa-solid fa-chevron-left\"><\/i><\/div>\r\n            <div class=\"slider-arrow-nl right-nl\" id=\"nextBtn\"><i class=\"fa-solid fa-chevron-right\"><\/i><\/div>\r\n            <div class=\"image-overlay-top-nl\">\r\n                <span class=\"listing-category-tag-nl\">Bisiklet Kiralama<\/span>                                    <div class=\"favorite-icon-nl\" id=\"favoriteBtn\">\r\n                        \r\n                                <span class=\"save fa-regular fa-heart tooltip left\" title=\"Yer \u0130mleri i\u00e7in Giri\u015f Yap\u0131n\"><\/span>\r\n                                                    \r\n                    <\/div>\r\n                            <\/div>\r\n        <\/div>\r\n\r\n        <!-- ===== RIGHT: LISTING DETAILS (NOW 2-COLUMN) ===== -->\r\n        <a href=\"https:\/\/biznestco.com\/tr\/ilan\/bike-rentals\/ozcomert-bisiklet\/\" class=\"listing-details-nl\">\r\n\r\n            <!-- Main Content Column (Left) -->\r\n            <div class=\"details-main-col-nl\">\r\n                                <h2 class=\"listing-title-nl\">\u00d6zc\u00f6mert bisiklet                    <div class=\"listing-title-badges-nl\">\r\n                                                                    <\/div>\r\n                <\/h2>\r\n                <p class=\"listing-location-nl\">\u015eafak Sk 4A, Yeni \u0130skele 0392<\/p>\t            <\/div>\r\n\r\n            <!-- Sidebar Column (Right) -->\r\n            <div class=\"details-sidebar-col-nl\">\r\n                <div class=\"details-sidebar-upper-nl\">\r\n                                                <div class=\"listing-rating-nl\">\r\n                                <div class=\"rating-text-nl no-rating\">Hen\u00fcz inceleme yok<\/div>\r\n                            <\/div>\r\n                                    <\/div>\r\n                            <\/div>\r\n\r\n        <\/a>\r\n\r\n    <\/div>\r\n<\/div><div  class=\"listing-card-container-nl listing-geo-data\" \r\n\t\tdata-title=\"PRO CAR SERVICE CYPRUS FEHIM MANI\"\r\n\t\tdata-listing-type=\"service\"\r\n\t\tdata-classifieds-price=\"&#8378;\"\r\n\t\tdata-friendly-address=\"25.sk sanayi bolgesi lefko\u015fa, Nicosia 9000\"\r\n\t\tdata-address=\"25.sk sanayi bolgesi lefko\u015fa, Nicosia 9000\"\r\n\t\tdata-image=\"https:\/\/biznestco.com\/wp-content\/plugins\/listeo-core\/templates\/images\/listeo_placeholder.png\"\r\n\t\tdata-longitude=\"33.3425445\"\r\n\t\tdata-latitude=\"35.2178115\"\r\n\t\t\t\t\tdata-rating=\"0\"\r\n\t\t\tdata-reviews=\"0\"\r\n\t\t\t\tdata-icon=\"&lt;i class=&quot;far fa-circle-xmark&quot;&gt;&lt;\/i&gt;\"\r\n\r\n\t>\r\n    <div class=\"listing-card-nl\">\r\n        <!-- ===== LEFT: IMAGE SLIDER ===== -->\r\n        <div class=\"listing-image-container-nl\">\r\n            <a href=\"https:\/\/biznestco.com\/tr\/ilan\/oto-tamiri\/pro-car-service-cyprus-fehim-mani\/\">\r\n                <div class=\"slider-wrapper-nl\">\r\n                    \t\t<img decoding=\"async\" src=\"https:\/\/biznestco.com\/wp-content\/plugins\/listeo-core\/templates\/images\/listeo_placeholder.png\" alt=\"\" class=\"slider-image-nl\">\r\n                <\/div>\r\n            <\/a>\r\n            \r\n            <div class=\"slider-arrow-nl left-nl\" id=\"prevBtn\"><i class=\"fa-solid fa-chevron-left\"><\/i><\/div>\r\n            <div class=\"slider-arrow-nl right-nl\" id=\"nextBtn\"><i class=\"fa-solid fa-chevron-right\"><\/i><\/div>\r\n            <div class=\"image-overlay-top-nl\">\r\n                <span class=\"listing-category-tag-nl\">Oto Tamiri<\/span>                                    <div class=\"favorite-icon-nl\" id=\"favoriteBtn\">\r\n                        \r\n                                <span class=\"save fa-regular fa-heart tooltip left\" title=\"Yer \u0130mleri i\u00e7in Giri\u015f Yap\u0131n\"><\/span>\r\n                                                    \r\n                    <\/div>\r\n                            <\/div>\r\n        <\/div>\r\n\r\n        <!-- ===== RIGHT: LISTING DETAILS (NOW 2-COLUMN) ===== -->\r\n        <a href=\"https:\/\/biznestco.com\/tr\/ilan\/oto-tamiri\/pro-car-service-cyprus-fehim-mani\/\" class=\"listing-details-nl\">\r\n\r\n            <!-- Main Content Column (Left) -->\r\n            <div class=\"details-main-col-nl\">\r\n                                <h2 class=\"listing-title-nl\">PRO CAR SERVICE KIBRIS FEHIM MANI                    <div class=\"listing-title-badges-nl\">\r\n                                                                    <\/div>\r\n                <\/h2>\r\n                <p class=\"listing-location-nl\">25.sk sanayi bolgesi lefko\u015fa, Lefko\u015fa 9000<\/p>\t            <\/div>\r\n\r\n            <!-- Sidebar Column (Right) -->\r\n            <div class=\"details-sidebar-col-nl\">\r\n                <div class=\"details-sidebar-upper-nl\">\r\n                                                <div class=\"listing-rating-nl\">\r\n                                <div class=\"rating-text-nl no-rating\">Hen\u00fcz inceleme yok<\/div>\r\n                            <\/div>\r\n                                    <\/div>\r\n                            <\/div>\r\n\r\n        <\/a>\r\n\r\n    <\/div>\r\n<\/div><div  class=\"listing-card-container-nl listing-geo-data\" \r\n\t\tdata-title=\"\u0130SKELE TEM\u0130ZL\u0130K\"\r\n\t\tdata-listing-type=\"service\"\r\n\t\tdata-classifieds-price=\"&#8378;\"\r\n\t\tdata-friendly-address=\"Iskele, North Cyprus\"\r\n\t\tdata-address=\"Iskele, North Cyprus\"\r\n\t\tdata-image=\"https:\/\/biznestco.com\/wp-content\/uploads\/2025\/11\/Screenshot-2025-11-17-172530-490x397.png\"\r\n\t\tdata-longitude=\"33.6200625\"\r\n\t\tdata-latitude=\"34.9182222\"\r\n\t\t\t\t\tdata-rating=\"0\"\r\n\t\t\tdata-reviews=\"0\"\r\n\t\t\t\tdata-icon=\"&lt;svg xmlns=&quot;http:\/\/www.w3.org\/2000\/svg&quot; id=&quot;Layer_1&quot; data-name=&quot;Layer 1&quot; version=&quot;1.1&quot; viewBox=&quot;0 0 32 32&quot;&gt;  &lt;defs&gt;      &lt;\/defs&gt;  &lt;path class=&quot;cls-1&quot; d=&quot;M24.7,16.1l-6.4-2.4-2.4-6.5c-.1-.4-.4-.7-.7-.9-.3-.2-.7-.4-1.1-.4s-.8.1-1.1.4c-.3.2-.6.6-.7.9l-2.4,6.5-6.5,2.4c-.4.1-.7.4-.9.7-.2.3-.4.7-.4,1.1s.1.8.4,1.1c.2.3.6.6.9.7l6.5,2.4,2.4,6.5c.1.4.4.7.7.9.3.2.7.4,1.1.4s.8-.1,1.1-.4c.3-.2.6-.6.7-.9l2.4-6.5,6.5-2.4c.4-.1.7-.4.9-.7.2-.3.4-.7.4-1.1s-.1-.8-.4-1.1c-.2-.3-.6-.6-.9-.7h0ZM17.1,20.5c-.1,0-.3.1-.4.2s-.2.2-.2.4l-2.5,6.9-2.5-6.9c0-.1-.1-.3-.2-.4-.1-.1-.2-.2-.4-.2l-6.9-2.5,6.9-2.5c.1,0,.3-.1.4-.2.1-.1.2-.2.2-.4l2.5-6.9,2.5,6.9c0,.1.1.3.2.4.1.1.2.2.4.2l6.9,2.5-6.9,2.5ZM18,5c0-.3.1-.5.3-.7.2-.2.4-.3.7-.3h2v-2c0-.3.1-.5.3-.7.2-.2.4-.3.7-.3s.5.1.7.3c.2.2.3.4.3.7v2h2c.3,0,.5.1.7.3.2.2.3.4.3.7s-.1.5-.3.7c-.2.2-.4.3-.7.3h-2v2c0,.3-.1.5-.3.7-.2.2-.4.3-.7.3s-.5-.1-.7-.3c-.2-.2-.3-.4-.3-.7v-2h-2c-.3,0-.5-.1-.7-.3-.2-.2-.3-.4-.3-.7ZM31,11c0,.3-.1.5-.3.7s-.4.3-.7.3h-1v1c0,.3-.1.5-.3.7s-.4.3-.7.3-.5-.1-.7-.3-.3-.4-.3-.7v-1h-1c-.3,0-.5-.1-.7-.3s-.3-.4-.3-.7.1-.5.3-.7.4-.3.7-.3h1v-1c0-.3.1-.5.3-.7.2-.2.4-.3.7-.3s.5.1.7.3c.2.2.3.4.3.7v1h1c.3,0,.5.1.7.3s.3.4.3.7Z&quot;\/&gt;&lt;\/svg&gt;\"\r\n\r\n\t>\r\n    <div class=\"listing-card-nl\">\r\n        <!-- ===== LEFT: IMAGE SLIDER ===== -->\r\n        <div class=\"listing-image-container-nl\">\r\n            <a href=\"https:\/\/biznestco.com\/tr\/ilan\/cleaners-home-cleaners-office-cleaning\/iskele-temizlik\/\">\r\n                <div class=\"slider-wrapper-nl\">\r\n                    \t\t\t\t<img decoding=\"async\" src=\"https:\/\/biznestco.com\/wp-content\/uploads\/2025\/11\/Screenshot-2025-11-17-172530-490x397.png\" alt=\"\" class=\"slider-image-nl\">\r\n\t\t                <\/div>\r\n            <\/a>\r\n            \r\n            <div class=\"slider-arrow-nl left-nl\" id=\"prevBtn\"><i class=\"fa-solid fa-chevron-left\"><\/i><\/div>\r\n            <div class=\"slider-arrow-nl right-nl\" id=\"nextBtn\"><i class=\"fa-solid fa-chevron-right\"><\/i><\/div>\r\n            <div class=\"image-overlay-top-nl\">\r\n                <span class=\"listing-category-tag-nl\">Temizlik\u00e7iler \/ Ev Temizleyicileri \/ Ofis Temizli\u011fi, Temizlik Hizmetleri<\/span>                                    <div class=\"favorite-icon-nl\" id=\"favoriteBtn\">\r\n                        \r\n                                <span class=\"save fa-regular fa-heart tooltip left\" title=\"Yer \u0130mleri i\u00e7in Giri\u015f Yap\u0131n\"><\/span>\r\n                                                    \r\n                    <\/div>\r\n                            <\/div>\r\n        <\/div>\r\n\r\n        <!-- ===== RIGHT: LISTING DETAILS (NOW 2-COLUMN) ===== -->\r\n        <a href=\"https:\/\/biznestco.com\/tr\/ilan\/cleaners-home-cleaners-office-cleaning\/iskele-temizlik\/\" class=\"listing-details-nl\">\r\n\r\n            <!-- Main Content Column (Left) -->\r\n            <div class=\"details-main-col-nl\">\r\n                                <h2 class=\"listing-title-nl\">I\u0307SKELE TEMI\u0307ZLI\u0307K                    <div class=\"listing-title-badges-nl\">\r\n                                                                    <\/div>\r\n                <\/h2>\r\n                <p class=\"listing-location-nl\">\u0130skele, Kuzey K\u0131br\u0131s<\/p>\t            <\/div>\r\n\r\n            <!-- Sidebar Column (Right) -->\r\n            <div class=\"details-sidebar-col-nl\">\r\n                <div class=\"details-sidebar-upper-nl\">\r\n                                                <div class=\"listing-rating-nl\">\r\n                                <div class=\"rating-text-nl no-rating\">Hen\u00fcz inceleme yok<\/div>\r\n                            <\/div>\r\n                                    <\/div>\r\n                            <\/div>\r\n\r\n        <\/a>\r\n\r\n    <\/div>\r\n<\/div>\t\t\t<\/div>\r\n\t\t\t\t\t\t\t<div class=\"pagination-container margin-top-20 margin-bottom-20 ajax-search\">\r\n\t\t\t\t\t<nav class=\"pagination margin-top-30\"><ul class=\"pagination\"><li class=\"current\" data-paged=\"1\"><a href=\"#\">1 <\/a><\/li><li data-paged=\"2\"><a href=\"#\">2<\/a><\/li><li data-paged=\"3\"><a href=\"#\">3<\/a><\/li><li data-paged=\"next\"><a  href=\"#\"><i class=\"sl sl-icon-arrow-right\"><\/i><\/a><\/li><\/ul><\/nav>\t\t\t\t<\/div>\r\n\t\t\t\t\t\t<\/div>\n\t\t\t\t\t\t<\/div>\n\t\t\t\t<\/div>\n\t\t\t\t<\/div>\n\t\t\t\t\t<\/div>\n\t\t\t\t<\/div>\n\t\t\t\t<\/div>","protected":false},"excerpt":{"rendered":"","protected":false},"author":1,"featured_media":0,"parent":0,"menu_order":0,"comment_status":"closed","ping_status":"closed","template":"template-split-map-sidebar.php","meta":{"footnotes":""},"class_list":["post-68","page","type-page","status-publish","hentry"],"_links":{"self":[{"href":"https:\/\/biznestco.com\/tr\/wp-json\/wp\/v2\/pages\/68","targetHints":{"allow":["GET"]}}],"collection":[{"href":"https:\/\/biznestco.com\/tr\/wp-json\/wp\/v2\/pages"}],"about":[{"href":"https:\/\/biznestco.com\/tr\/wp-json\/wp\/v2\/types\/page"}],"author":[{"embeddable":true,"href":"https:\/\/biznestco.com\/tr\/wp-json\/wp\/v2\/users\/1"}],"replies":[{"embeddable":true,"href":"https:\/\/biznestco.com\/tr\/wp-json\/wp\/v2\/comments?post=68"}],"version-history":[{"count":0,"href":"https:\/\/biznestco.com\/tr\/wp-json\/wp\/v2\/pages\/68\/revisions"}],"wp:attachment":[{"href":"https:\/\/biznestco.com\/tr\/wp-json\/wp\/v2\/media?parent=68"}],"curies":[{"name":"wp","href":"https:\/\/api.w.org\/{rel}","templated":true}]}}