{"id":566,"date":"2025-10-03T14:44:00","date_gmt":"2025-10-03T11:44:00","guid":{"rendered":"https:\/\/biznestco.com\/?page_id=566"},"modified":"2026-01-04T22:26:05","modified_gmt":"2026-01-04T20:26:05","slug":"sign-up","status":"publish","type":"page","link":"https:\/\/biznestco.com\/tr\/sign-up\/","title":{"rendered":"Kaydolun"},"content":{"rendered":"<div data-elementor-type=\"wp-page\" data-elementor-id=\"566\" class=\"elementor elementor-566\" data-elementor-post-type=\"page\">\n\t\t\t\t<div class=\"elementor-element elementor-element-4e191c9 e-con-full e-flex e-con e-parent\" data-id=\"4e191c9\" data-element_type=\"container\" id=\"Demo4\">\n\t\t<div class=\"elementor-element elementor-element-1f052534 e-con-full e-flex e-con e-child\" data-id=\"1f052534\" data-element_type=\"container\">\n\t\t\t\t<div class=\"elementor-element elementor-element-106dcb54 text-center elementor-widget elementor-widget-tp-heading-title\" data-id=\"106dcb54\" data-element_type=\"widget\" data-widget_type=\"tp-heading-title.default\">\n\t\t\t\t<div class=\"elementor-widget-container\">\n\t\t\t\t\t<div class=\"heading heading_style heading_style69e4e9569ceeb style-1\" ><div class=\"sub-style\"  ><div class=\"head-title\" > <h2  class=\"heading-title\"   data-hover=\"Sign Up\">Kaydolun<span class=\"title-s\">  <\/span><\/h2><\/div><div class=\"sub-heading\"><p class=\"heading-sub-title\"> Kaydolmak i\u00e7in ayr\u0131nt\u0131lar\u0131 girin <\/p><\/div><\/div><\/div>\t\t\t\t<\/div>\n\t\t\t\t<\/div>\n\t\t\t\t<div class=\"elementor-element elementor-element-d9c97d3 elementor-widget elementor-widget-shortcode\" data-id=\"d9c97d3\" data-element_type=\"widget\" data-widget_type=\"shortcode.default\">\n\t\t\t\t<div class=\"elementor-widget-container\">\n\t\t\t\t\t\t\t<div class=\"elementor-shortcode\"><div class=\"sign-in-form\">\n                    <form enctype=\"multipart\/form-data\" class=\"register listeo-registration-form\" id=\"register\" action=\"https:\/\/biznestco.com\/wp-login.php?action=register\" method=\"post\">\n                                <div class=\"listeo-register-form-fields-container\" data-otp-type=\"email\">\n                                            <div class=\"account-type\">\n                            <div>\n                                <input type=\"radio\" name=\"user_role\" id=\"freelancer-radio65\" value=\"guest\" class=\"account-type-radio\"  checked \/>\n                                <label for=\"freelancer-radio65\"><i class=\"sl sl-icon-user\"><\/i> Misafir<\/label>\n                            <\/div>\n                                                            <div>\n                                    <input type=\"radio\" name=\"user_role\" id=\"employer-radio66\" value=\"owner\" class=\"account-type-radio\"  \/>\n                                    <label for=\"employer-radio66\"><i class=\"sl sl-icon-briefcase\"><\/i> Sahibi<\/label>\n                                <\/div>\n                                                    <\/div>\n                        <div class=\"clearfix\"><\/div>\n                                        \n                    <p class=\"form-row form-row-wide\">\n                        <label for=\"email\">\n                            <i class=\"sl sl-icon-envelope-open\"><\/i>\n                            <input required type=\"email\" placeholder=\"E-posta Adresi\" class=\"input-text\" name=\"email\" id=\"email\" value=\"\" \/>\n                        <\/label>\n                    <\/p>\n\n                                            <p class=\"form-row form-row-wide\" id=\"password-row\">\n                            <label for=\"password1\">\n                                <i class=\"sl sl-icon-lock\"><\/i>\n                                <input required placeholder=\"\u015eifre\" class=\"input-text\" type=\"password\" name=\"password\" id=\"password1\" \/>\n                                <span class=\"pwstrength_viewport_progress\"><\/span>\n\n                            <\/label>\n                        <\/p>\n                    \n                                            <p class=\"form-row form-row-wide\">\n                            <label for=\"first-name\">\n                                <i class=\"sl sl-icon-pencil\"><\/i>\n                                <input required placeholder=\"Reklam\" type=\"text\" name=\"first_name\" id=\"first-name\"><\/label>\n                        <\/p>\n\n                        <p class=\"form-row form-row-wide\">\n                            <label for=\"last-name\">\n                                <i class=\"sl sl-icon-pencil\"><\/i>\n                                <input required placeholder=\"Soyad\" type=\"text\" name=\"last_name\" id=\"last-name\">\n                            <\/label>\n                        <\/p>\n                    \n\n                    \n\n                    <!-- \/\/extra fields -->\n                    <div id=\"listeo-core-registration-fields\">\n                        \t\t\t<div id=\"listeo-core-registration-guest-fields\">\r\n\t\t\t\t\t\t\t\t\t<label class=\"listeo-registration-custom-text\" id=\"listeo-registration-custom-phone\" for=\"phone\">\r\n\r\n\t\t\t\t\t\t\r\n\t\t\t\t\t\t\t<i class=\"fa fa-fas fa-phone\"><\/i>\r\n\r\n<input type=\"text\" \r\n\tclass=\"input-text phone\" \r\n\r\n\tname=\"phone\"\r\n\t \r\n\tid=\"phone\" \r\n\tplaceholder=\"Telefon\" \r\n\tvalue=\"\" \r\n\t\r\n\t\tmaxlength=\"\" \r\n\t \r\n\t \r\n\r\n\t\/>\r\n\r\n\r\n\t\t\t\t\t<\/label>\r\n\t\t\t\t\t\t\t<\/div>\r\n\t\t                    <\/div>\n\n\n                    <!-- eof custom fields -->\n\n                    \n                                                                                                        <p class=\"form-row margin-top-10 checkboxes margin-bottom-10\">\n                            <input type=\"checkbox\" id=\"privacy_policy_87\" name=\"privacy_policy\">\n                            <label for=\"privacy_policy_87\">\u015eunlar\u0131 kabul ediyorum <a target=\"_blank\" href=\"https:\/\/biznestco.com\/tr\/gizlilik-politikasi\/\">Gizlilik Politikas\u0131<\/a> <\/label>\n\n                        <\/p>\n\n                    \n                                            <p class=\"form-row margin-top-10 checkboxes margin-bottom-10\">\n                            <input type=\"checkbox\" id=\"terms_and_conditions_62\" name=\"terms_and_conditions\">\n                            <label for=\"terms_and_conditions_62\">\u015eunlar\u0131 kabul ediyorum <a target=\"_blank\" href=\"https:\/\/biznestco.com\/tr\/terms-of-service\/\">\u015eartlar ve Ko\u015fullar<\/a> <\/label>\n\n                        <\/p>\n                                    <\/div>\n                                    <div class=\"otp_registration-wrapper\" style=\"display: none\">\n                                                <div class=\"otp_registration\">\n                            <h4>Do\u011frulama Kodu<\/h4>\n\n                            <p class=\"form-row margin-top-10 otp_code margin-bottom-10\">\n                                L\u00fctfen e-posta adresinize g\u00f6nderilen 4 haneli kodu girin.                                                                <span class=\"otp-countdown-valid-text\">Kodun ge\u00e7erlilik s\u00fcresi <\/span> <span class=\"otp-countdown\"><\/span>\n                                <a id=\"resend_otp\" class=\"hidden\" href=\"#\">Zaman ge\u00e7ti, kodu yeniden g\u00f6ndermek i\u00e7in buraya t\u0131klay\u0131n<\/a>\n                            <\/p>\n\n\n\n                            <div id=\"listeo_otp-inputs\">\n                                <input type=\" tel\" name=\"listeo_otp[token][code_1]\" required=\"required\" class=\"field__token\" autocomplete=\"off\" data-error=\"error_second_step_authentication_token\" data-input-type=\"user\">\n                                <input type=\"tel\" name=\"listeo_otp[token][code_2]\" required=\"required\" class=\"field__token\" autocomplete=\"off\" data-error=\"error_second_step_authentication_token\" data-input-type=\"user\">\n                                <input type=\"tel\" name=\"listeo_otp[token][code_3]\" required=\"required\" class=\"field__token\" autocomplete=\"off\" data-error=\"error_second_step_authentication_token\" data-input-type=\"user\">\n                                <input type=\"tel\" name=\"listeo_otp[token][code_4]\" required=\"required\" class=\"field__token\" autocomplete=\"off\" data-error=\"error_second_step_authentication_token\" data-input-type=\"user\">\n\n                            <\/div>\n\n                            <span id=\"error_listeo_otp\" class=\"hidden\">Yanl\u0131\u015f yetkilendirme kodu. Daha sonra tekrar deneyin.<\/span>\n                            <span id=\"error_listeo_otp_time\" class=\"hidden\">Kodun s\u00fcresi doldu. Daha sonra tekrar deneyin.<\/span>\n                            <span id=\"error_listeo_otp_general\" class=\"hidden\">Bir \u015feyler yanl\u0131\u015f gitti. Daha sonra tekrar deneyin.<\/span>\n\n\n                        <\/div>\n                        <input type=\"submit\" class=\"button border fw margin-top-10\" name=\"register\" value=\"Kay\u0131t Ol\" \/>\n                                            <\/div>\n                \n                <input type=\"hidden\" id=\"register_security\" name=\"register_security\" value=\"149c9ee372\" \/><input type=\"hidden\" name=\"_wp_http_referer\" value=\"\/tr\/wp-json\/wp\/v2\/pages\/566\" \/>\n                                    <a class=\"button fw margin-top-10\" id=\"otp_submit\" name=\"otp\">Kay\u0131t Ol<\/a>\n                                <div class=\"notification error closeable\" style=\"display: none;margin-top: 20px; margin-bottom: 0px;\">\n                    <p><\/p>\n                <\/div>\n\n                <\/form>\n\n                <div class=\"listeo-custom-fields-wrapper\">\n                    \t\t\t<div id=\"listeo-core-registration-owner-fields\">\r\n\t\t\t\t\t\t\t\t\t<label class=\"listeo-registration-custom-text\" id=\"listeo-registration-custom-phone\" for=\"phone\">\r\n\r\n\t\t\t\t\t\t\r\n\t\t\t\t\t\t\t<i class=\"fa fa-fas fa-phone\"><\/i>\r\n\r\n<input type=\"text\" \r\n\tclass=\"input-text phone\" \r\n\r\n\tname=\"phone\"\r\n\t \r\n\tid=\"phone\" \r\n\tplaceholder=\"Telefon\" \r\n\tvalue=\"\" \r\n\t\r\n\t\tmaxlength=\"\" \r\n\trequired\t\t\/>\r\n\r\n\r\n\t\t\t\t\t<\/label>\r\n\t\t\t\t\t\t\t<\/div>\r\n\t\t                    \t\t\t<div id=\"listeo-core-registration-guest-fields\">\r\n\t\t\t\t\t\t\t\t\t<label class=\"listeo-registration-custom-text\" id=\"listeo-registration-custom-phone\" for=\"phone\">\r\n\r\n\t\t\t\t\t\t\r\n\t\t\t\t\t\t\t<i class=\"fa fa-fas fa-phone\"><\/i>\r\n\r\n<input type=\"text\" \r\n\tclass=\"input-text phone\" \r\n\r\n\tname=\"phone\"\r\n\t \r\n\tid=\"phone\" \r\n\tplaceholder=\"Telefon\" \r\n\tvalue=\"\" \r\n\t\r\n\t\tmaxlength=\"\" \r\n\t \r\n\t \r\n\r\n\t\/>\r\n\r\n\r\n\t\t\t\t\t<\/label>\r\n\t\t\t\t\t\t\t<\/div>\r\n\t\t                <\/div>\n            \n            \n            \n            <\/div><\/div>\n\t\t\t\t\t\t<\/div>\n\t\t\t\t<\/div>\n\t\t\t\t<div class=\"elementor-element elementor-element-37d938d9 text-center elementor-widget elementor-widget-tp-advanced-typography\" data-id=\"37d938d9\" data-element_type=\"widget\" data-widget_type=\"tp-advanced-typography.default\">\n\t\t\t\t<div class=\"elementor-widget-container\">\n\t\t\t\t\t<div id=\"at37d938d9\" class=\"pt-plus-adv-typo-wrapper\"><div class=\"plus-list-adv-typo-block\"><span class=\"plus-adv-text-typo elementor-repeater-item-167a3c6\"   ><span   class=\"listing-typo-text\"   style=\"\">Zaten bir Hesab\u0131n\u0131z var m\u0131? <\/span><\/span><span class=\"plus-adv-text-typo elementor-repeater-item-1875b8a\"   ><a  href=\"https:\/\/biznestco.com\/tr\/sign-in\/\" class=\"listing-typo-text\"   style=\"\">Oturum A\u00e7<\/a><\/span><\/div><\/div>\t\t\t\t<\/div>\n\t\t\t\t<\/div>\n\t\t\t\t<\/div>\n\t\t<div class=\"elementor-element elementor-element-19c3e6a3 e-con-full e-flex e-con e-child\" data-id=\"19c3e6a3\" data-element_type=\"container\" data-settings=\"{&quot;background_background&quot;:&quot;classic&quot;}\">\n\t\t\t\t<div class=\"elementor-element elementor-element-1d3af656 elementor-widget__width-initial elementor-widget elementor-widget-heading\" data-id=\"1d3af656\" data-element_type=\"widget\" data-widget_type=\"heading.default\">\n\t\t\t\t<div class=\"elementor-widget-container\">\n\t\t\t\t\t<h3 class=\"elementor-heading-title elementor-size-default\">K\u00fc\u00e7\u00fck i\u015fletmenizi bir sonraki seviyeye ta\u015f\u0131man\u0131za yard\u0131mc\u0131 oluyoruz.<\/h3>\t\t\t\t<\/div>\n\t\t\t\t<\/div>\n\t\t\t\t<div class=\"elementor-element elementor-element-7c71ab82 elementor-widget elementor-widget-tp-gallery-listout\" data-id=\"7c71ab82\" data-element_type=\"widget\" data-widget_type=\"tp-gallery-listout.default\">\n\t\t\t\t<div class=\"elementor-widget-container\">\n\t\t\t\t\t<div id=\"pt-plus-gallery-list\" class=\"gallery-list post69e4e956a3495  list-carousel-slick gallery-style-1 hover-image-style-1\"   data-slider_direction=\"false\" data-slide_speed=\"1500\" data-slider_desktop_column=\"1\" data-steps_slide=\"1\" data-slider_draggable=\"true\" data-multi_drag=\"false\" data-slider_infinite=\"true\" data-slider_pause_hover=\"false\" data-slider_adaptive_height=\"false\" data-slider_animation=\"linear\" data-slider_autoplay=\"false\" data-autoplay_speed=\"0\" data-slider_tablet_column=\"1\" data-tablet_steps_slide=\"1\" data-slider_responsive_tablet=\"yes\" data-tablet_slider_draggable=\"true\" data-tablet_slider_infinite=\"true\" data-tablet_slider_autoplay=\"false\" data-tablet_autoplay_speed=\"0\" data-tablet_slider_dots=\"true\" data-tablet_slider_dots_style=\"slick-dots style-5\"  data-tablet_slider_arrows=\"false\" data-tablet_slider_rows=\"1\" data-tablet_slider_arrows_style=\"style-1\"  data-tablet_arrows_position=\"top-right\"  data-tablet_arrow_bg_color=\"#c44d48\"  data-tablet_arrow_icon_color=\"#fff\"  data-tablet_arrow_hover_bg_color=\"#fff\"  data-tablet_arrow_hover_icon_color=\"#c44d48\"  data-tablet_center_mode=\"false\"  data-tablet_center_padding=\"0\"  data-slider_mobile_column=\"1\" data-mobile_steps_slide=\"1\" data-slider_responsive_mobile=\"yes\" data-mobile_slider_draggable=\"true\" data-mobile_slider_infinite=\"true\" data-mobile_slider_autoplay=\"false\" data-mobile_autoplay_speed=\"0\" data-mobile_slider_dots=\"true\" data-mobile_slider_dots_style=\"slick-dots style-5\"  data-mobile_slider_arrows=\"false\" data-mobile_slider_rows=\"1\" data-mobile_slider_arrows_style=\"style-1\"  data-mobile_arrows_position=\"top-right\"  data-mobile_arrow_bg_color=\"#c44d48\"  data-mobile_arrow_icon_color=\"#fff\"  data-mobile_arrow_hover_bg_color=\"#fff\"  data-mobile_arrow_hover_icon_color=\"#c44d48\"  data-mobile_center_mode=\"false\"  data-mobile_center_padding=\"0\" data-slider_dots=\"true\" data-slider_dots_style=\"slick-dots style-5\" data-slider_arrows=\"false\" data-slider_arrows_style=\"\"  data-arrows_position=\"\"  data-arrow_bg_color=\"\"  data-arrow_icon_color=\"\"  data-arrow_hover_bg_color=\"\"  data-arrow_hover_icon_color=\"\"  data-slider_center_mode=\"false\"  data-center_padding=\"0\"  data-scale_center_slide=\"1\"  data-scale_normal_slide=\"0.8\"  data-opacity_normal_slide=\"0.7\"  data-slider_rows=\"1\"  data-id=\"post69e4e956a3495\" data-style=\"style-1\"  data-result=\"{&quot;carousel_direction&quot;:&quot;ltr&quot;}\" dir=\"ltr\" data-enable-isotope=\"1\"><div id=\"post69e4e956a3495\" class=\"tp-row post-inner-loop post69e4e956a3495\"><div class=\"grid-item metro-item0\"  ><div>\n\t<div class=\"gallery-list-content\">\n\t\t\n\t<div class=\"post-content-image\">\n\t\t\n<div class=\"gallery-image\">\n\t<span class=\"thumb-wrap\">\n\t\t<img fetchpriority=\"high\" decoding=\"async\" width=\"611\" height=\"371\" src=\"https:\/\/biznestco.com\/wp-content\/uploads\/2025\/11\/average-sale.png\" class=\"attachment-full size-full\" alt=\"\" srcset=\"https:\/\/biznestco.com\/wp-content\/uploads\/2025\/11\/average-sale.png 611w, https:\/\/biznestco.com\/wp-content\/uploads\/2025\/11\/average-sale-300x182.png 300w, https:\/\/biznestco.com\/wp-content\/uploads\/2025\/11\/average-sale-18x12.png 18w, https:\/\/biznestco.com\/wp-content\/uploads\/2025\/11\/average-sale-590x358.png 590w, https:\/\/biznestco.com\/wp-content\/uploads\/2025\/11\/average-sale-577x350.png 577w, https:\/\/biznestco.com\/wp-content\/uploads\/2025\/11\/average-sale-600x364.png 600w\" sizes=\"(max-width: 611px) 100vw, 611px\" \/>\t<\/span>\n<\/div>\n\t<\/div>\n\n\t\t<div class=\"post-content-center\">\t\t\n\t\t<div class=\"post-hover-content\">\n\t\t\t\t\t<\/div>\n\t<\/div>\n\t\t<\/div>\n\t<\/div>\n<\/div><div class=\"grid-item metro-item0\"  ><div>\n\t<div class=\"gallery-list-content\">\n\t\t\n\t<div class=\"post-content-image\">\n\t\t\n<div class=\"gallery-image\">\n\t<span class=\"thumb-wrap\">\n\t\t<img fetchpriority=\"high\" decoding=\"async\" width=\"611\" height=\"371\" src=\"https:\/\/biznestco.com\/wp-content\/uploads\/2025\/11\/average-sale.png\" class=\"attachment-full size-full\" alt=\"\" srcset=\"https:\/\/biznestco.com\/wp-content\/uploads\/2025\/11\/average-sale.png 611w, https:\/\/biznestco.com\/wp-content\/uploads\/2025\/11\/average-sale-300x182.png 300w, https:\/\/biznestco.com\/wp-content\/uploads\/2025\/11\/average-sale-18x12.png 18w, https:\/\/biznestco.com\/wp-content\/uploads\/2025\/11\/average-sale-590x358.png 590w, https:\/\/biznestco.com\/wp-content\/uploads\/2025\/11\/average-sale-577x350.png 577w, https:\/\/biznestco.com\/wp-content\/uploads\/2025\/11\/average-sale-600x364.png 600w\" sizes=\"(max-width: 611px) 100vw, 611px\" \/>\t<\/span>\n<\/div>\n\t<\/div>\n\n\t\t<div class=\"post-content-center\">\t\t\n\t\t<div class=\"post-hover-content\">\n\t\t\t\t\t<\/div>\n\t<\/div>\n\t\t<\/div>\n\t<\/div>\n<\/div><div class=\"grid-item metro-item0\"  ><div>\n\t<div class=\"gallery-list-content\">\n\t\t\n\t<div class=\"post-content-image\">\n\t\t\n<div class=\"gallery-image\">\n\t<span class=\"thumb-wrap\">\n\t\t<img fetchpriority=\"high\" decoding=\"async\" width=\"611\" height=\"371\" src=\"https:\/\/biznestco.com\/wp-content\/uploads\/2025\/11\/average-sale.png\" class=\"attachment-full size-full\" alt=\"\" srcset=\"https:\/\/biznestco.com\/wp-content\/uploads\/2025\/11\/average-sale.png 611w, https:\/\/biznestco.com\/wp-content\/uploads\/2025\/11\/average-sale-300x182.png 300w, https:\/\/biznestco.com\/wp-content\/uploads\/2025\/11\/average-sale-18x12.png 18w, https:\/\/biznestco.com\/wp-content\/uploads\/2025\/11\/average-sale-590x358.png 590w, https:\/\/biznestco.com\/wp-content\/uploads\/2025\/11\/average-sale-577x350.png 577w, https:\/\/biznestco.com\/wp-content\/uploads\/2025\/11\/average-sale-600x364.png 600w\" sizes=\"(max-width: 611px) 100vw, 611px\" \/>\t<\/span>\n<\/div>\n\t<\/div>\n\n\t\t<div class=\"post-content-center\">\t\t\n\t\t<div class=\"post-hover-content\">\n\t\t\t\t\t<\/div>\n\t<\/div>\n\t\t<\/div>\n\t<\/div>\n<\/div><\/div><\/div>\t\t\t\t<\/div>\n\t\t\t\t<\/div>\n\t\t\t\t<\/div>\n\t\t\t\t<\/div>\n\t\t\t\t<\/div>","protected":false},"excerpt":{"rendered":"<p>Kaydol Kaydolmak i\u00e7in ayr\u0131nt\u0131lar\u0131 girin Zaten bir Hesab\u0131n\u0131z var m\u0131? Oturum A\u00e7 K\u00fc\u00e7\u00fck i\u015fletmenizi bir sonraki seviyeye ta\u015f\u0131man\u0131za yard\u0131mc\u0131 oluyoruz.<\/p>","protected":false},"author":1,"featured_media":0,"parent":0,"menu_order":0,"comment_status":"closed","ping_status":"closed","template":"","meta":{"footnotes":""},"class_list":["post-566","page","type-page","status-publish","hentry"],"_links":{"self":[{"href":"https:\/\/biznestco.com\/tr\/wp-json\/wp\/v2\/pages\/566","targetHints":{"allow":["GET"]}}],"collection":[{"href":"https:\/\/biznestco.com\/tr\/wp-json\/wp\/v2\/pages"}],"about":[{"href":"https:\/\/biznestco.com\/tr\/wp-json\/wp\/v2\/types\/page"}],"author":[{"embeddable":true,"href":"https:\/\/biznestco.com\/tr\/wp-json\/wp\/v2\/users\/1"}],"replies":[{"embeddable":true,"href":"https:\/\/biznestco.com\/tr\/wp-json\/wp\/v2\/comments?post=566"}],"version-history":[{"count":21,"href":"https:\/\/biznestco.com\/tr\/wp-json\/wp\/v2\/pages\/566\/revisions"}],"predecessor-version":[{"id":972,"href":"https:\/\/biznestco.com\/tr\/wp-json\/wp\/v2\/pages\/566\/revisions\/972"}],"wp:attachment":[{"href":"https:\/\/biznestco.com\/tr\/wp-json\/wp\/v2\/media?parent=566"}],"curies":[{"name":"wp","href":"https:\/\/api.w.org\/{rel}","templated":true}]}}