{"id":559,"date":"2025-10-03T14:39:57","date_gmt":"2025-10-03T11:39:57","guid":{"rendered":"https:\/\/biznestco.com\/?page_id=559"},"modified":"2026-01-04T22:15:12","modified_gmt":"2026-01-04T20:15:12","slug":"sign-in","status":"publish","type":"page","link":"https:\/\/biznestco.com\/tr\/sign-in\/","title":{"rendered":"Oturum A\u00e7"},"content":{"rendered":"<div data-elementor-type=\"wp-page\" data-elementor-id=\"559\" class=\"elementor elementor-559\" data-elementor-post-type=\"page\">\n\t\t\t\t<div class=\"elementor-element elementor-element-8a7f885 e-flex e-con-boxed e-con e-parent\" data-id=\"8a7f885\" data-element_type=\"container\" id=\"Demo1\" data-settings=\"{&quot;background_background&quot;:&quot;classic&quot;}\">\n\t\t\t\t\t<div class=\"e-con-inner\">\n\t\t<div class=\"elementor-element elementor-element-49480ead e-con-full e-flex e-con e-child\" data-id=\"49480ead\" data-element_type=\"container\" data-settings=\"{&quot;background_background&quot;:&quot;classic&quot;}\">\n\t\t<div class=\"elementor-element elementor-element-212cdf98 e-con-full e-flex e-con e-child\" data-id=\"212cdf98\" data-element_type=\"container\">\n\t\t\t\t<div class=\"elementor-element elementor-element-5042d16b elementor-widget elementor-widget-image\" data-id=\"5042d16b\" data-element_type=\"widget\" data-widget_type=\"image.default\">\n\t\t\t\t<div class=\"elementor-widget-container\">\n\t\t\t\t\t\t\t\t\t\t\t\t\t\t\t<img fetchpriority=\"high\" decoding=\"async\" width=\"2560\" height=\"2283\" src=\"https:\/\/biznestco.com\/wp-content\/uploads\/2025\/12\/login-page-03-scaled.jpg\" class=\"attachment-full size-full wp-image-933\" alt=\"\" srcset=\"https:\/\/biznestco.com\/wp-content\/uploads\/2025\/12\/login-page-03-scaled.jpg 2560w, https:\/\/biznestco.com\/wp-content\/uploads\/2025\/12\/login-page-03-300x268.jpg 300w, https:\/\/biznestco.com\/wp-content\/uploads\/2025\/12\/login-page-03-1024x913.jpg 1024w, https:\/\/biznestco.com\/wp-content\/uploads\/2025\/12\/login-page-03-768x685.jpg 768w, https:\/\/biznestco.com\/wp-content\/uploads\/2025\/12\/login-page-03-1536x1370.jpg 1536w, https:\/\/biznestco.com\/wp-content\/uploads\/2025\/12\/login-page-03-2048x1826.jpg 2048w, https:\/\/biznestco.com\/wp-content\/uploads\/2025\/12\/login-page-03-13x12.jpg 13w, https:\/\/biznestco.com\/wp-content\/uploads\/2025\/12\/login-page-03-590x526.jpg 590w, https:\/\/biznestco.com\/wp-content\/uploads\/2025\/12\/login-page-03-751x670.jpg 751w, https:\/\/biznestco.com\/wp-content\/uploads\/2025\/12\/login-page-03-577x515.jpg 577w, https:\/\/biznestco.com\/wp-content\/uploads\/2025\/12\/login-page-03-1200x1070.jpg 1200w, https:\/\/biznestco.com\/wp-content\/uploads\/2025\/12\/login-page-03-600x535.jpg 600w\" sizes=\"(max-width: 2560px) 100vw, 2560px\" \/>\t\t\t\t\t\t\t\t\t\t\t\t\t\t\t<\/div>\n\t\t\t\t<\/div>\n\t\t\t\t<\/div>\n\t\t<div class=\"elementor-element elementor-element-797db383 e-con-full e-flex e-con e-child\" data-id=\"797db383\" data-element_type=\"container\">\n\t\t\t\t<div class=\"elementor-element elementor-element-7c67ceaa text-center elementor-widget elementor-widget-tp-heading-title\" data-id=\"7c67ceaa\" data-element_type=\"widget\" data-widget_type=\"tp-heading-title.default\">\n\t\t\t\t<div class=\"elementor-widget-container\">\n\t\t\t\t\t<div class=\"heading heading_style heading_style69e4d84f99c07 style-1\" ><div class=\"sub-style\"  ><div class=\"head-title\" > <h2  class=\"heading-title\"   data-hover=\"Hello!\">Merhaba!<span class=\"title-s\">  <\/span><\/h2><\/div><div class=\"sub-heading\"><h3 class=\"heading-sub-title\"> \u0130\u015finizi ate\u015fleyen web siteleri geli\u015ftiriyoruz. <\/h3><\/div><\/div><\/div>\t\t\t\t<\/div>\n\t\t\t\t<\/div>\n\t\t\t\t<div class=\"elementor-element elementor-element-505fbf4 elementor-widget elementor-widget-shortcode\" data-id=\"505fbf4\" data-element_type=\"widget\" data-widget_type=\"shortcode.default\">\n\t\t\t\t<div class=\"elementor-widget-container\">\n\t\t\t\t\t\t\t<div class=\"elementor-shortcode\"><div class=\"sign-in-form\">\r\n\t\t\t\t<form method=\"post\" id=\"login\" class=\"login\" action=\"https:\/\/biznestco.com\/wp-login.php\">\r\n\t\t\t\r\n\t\t\t\t\t\t<p class=\"form-row form-row-wide\">\r\n\t\t\t\t<label for=\"user_login\">\r\n\t\t\t\t\t<i class=\"sl sl-icon-user\"><\/i>\r\n\t\t\t\t\t<input placeholder=\"Kullan\u0131c\u0131 Ad\u0131\/E-posta\" type=\"text\" class=\"input-text\" name=\"log\" id=\"user_login\" value=\"\" \/>\r\n\t\t\t\t<\/label>\r\n\t\t\t<\/p>\r\n\r\n\r\n\t\t\t<p class=\"form-row form-row-wide\">\r\n\t\t\t\t<label for=\"user_pass\">\r\n\t\t\t\t\t<i class=\"sl sl-icon-lock\"><\/i>\r\n\t\t\t\t\t<input placeholder=\"\u015eifre\" class=\"input-text\" type=\"password\" name=\"pwd\" id=\"user_pass\" \/>\r\n\r\n\t\t\t\t<\/label>\r\n\t\t\t\t<span class=\"lost_password\">\r\n\t\t\t\t\t<a href=\"https:\/\/biznestco.com\/wp-login.php?action=lostpassword\">\u015eifrenizi unuttunuz mu?<\/a>\r\n\t\t\t\t<\/span>\r\n\t\t\t<\/p>\r\n\r\n\t\t\t<div class=\"form-row\">\r\n\t\t\t\t<input type=\"hidden\" id=\"login_security\" name=\"login_security\" value=\"149c9ee372\" \/><input type=\"hidden\" name=\"_wp_http_referer\" value=\"\/tr\/wp-json\/wp\/v2\/pages\/559\" \/>\t\t\t\t<input type=\"submit\" class=\"button border margin-top-5\" name=\"login\" value=\"Giri\u015f\" \/>\r\n\t\t\t\t<div class=\"checkboxes margin-top-10\">\r\n\t\t\t\t\t<input name=\"rememberme\" type=\"checkbox\" id=\"remember-me\" value=\"forever\" \/>\r\n\t\t\t\t\t<label for=\"remember-me\">Beni Hat\u0131rla<\/label>\r\n\r\n\t\t\t\t<\/div>\r\n\t\t\t<\/div>\r\n\t\t\t<div class=\"notification error closeable\" style=\"display: none; margin-top: 20px; margin-bottom: 0px;\">\r\n\t\t\t\t<p><\/p>\r\n\t\t\t<\/div>\r\n\t\t\t<\/form>\r\n\t\t\t\r\n\t\t\t\r\n\t\t\t<\/div><\/div>\n\t\t\t\t\t\t<\/div>\n\t\t\t\t<\/div>\n\t\t\t\t<div class=\"elementor-element elementor-element-1171480d text-center elementor-widget elementor-widget-tp-advanced-typography\" data-id=\"1171480d\" data-element_type=\"widget\" data-widget_type=\"tp-advanced-typography.default\">\n\t\t\t\t<div class=\"elementor-widget-container\">\n\t\t\t\t\t<div id=\"at1171480d\" class=\"pt-plus-adv-typo-wrapper\"><div class=\"plus-list-adv-typo-block\"><span class=\"plus-adv-text-typo elementor-repeater-item-167a3c6\"   ><span   class=\"listing-typo-text\"   style=\"\">Hesab\u0131n\u0131z yok mu?\n<\/span><\/span><span class=\"plus-adv-text-typo elementor-repeater-item-1875b8a\"   ><a  href=\"https:\/\/biznestco.com\/tr\/sign-up\/\" class=\"listing-typo-text\"   style=\"\">\u015eimdi Kaydolun<\/a><\/span><\/div><\/div>\t\t\t\t<\/div>\n\t\t\t\t<\/div>\n\t\t\t\t<\/div>\n\t\t\t\t<\/div>\n\t\t\t\t\t<\/div>\n\t\t\t\t<\/div>\n\t\t\t\t<\/div>","protected":false},"excerpt":{"rendered":"<p>Merhaba! \u0130\u015finizi ate\u015fleyen web siteleri geli\u015ftiriyoruz. Hesab\u0131n\u0131z yok mu? \u015eimdi Kaydolun<\/p>","protected":false},"author":1,"featured_media":0,"parent":0,"menu_order":0,"comment_status":"closed","ping_status":"closed","template":"","meta":{"footnotes":""},"class_list":["post-559","page","type-page","status-publish","hentry"],"_links":{"self":[{"href":"https:\/\/biznestco.com\/tr\/wp-json\/wp\/v2\/pages\/559","targetHints":{"allow":["GET"]}}],"collection":[{"href":"https:\/\/biznestco.com\/tr\/wp-json\/wp\/v2\/pages"}],"about":[{"href":"https:\/\/biznestco.com\/tr\/wp-json\/wp\/v2\/types\/page"}],"author":[{"embeddable":true,"href":"https:\/\/biznestco.com\/tr\/wp-json\/wp\/v2\/users\/1"}],"replies":[{"embeddable":true,"href":"https:\/\/biznestco.com\/tr\/wp-json\/wp\/v2\/comments?post=559"}],"version-history":[{"count":69,"href":"https:\/\/biznestco.com\/tr\/wp-json\/wp\/v2\/pages\/559\/revisions"}],"predecessor-version":[{"id":969,"href":"https:\/\/biznestco.com\/tr\/wp-json\/wp\/v2\/pages\/559\/revisions\/969"}],"wp:attachment":[{"href":"https:\/\/biznestco.com\/tr\/wp-json\/wp\/v2\/media?parent=559"}],"curies":[{"name":"wp","href":"https:\/\/api.w.org\/{rel}","templated":true}]}}