{"id":3,"date":"2025-08-04T18:09:21","date_gmt":"2025-08-04T18:09:21","guid":{"rendered":"http:\/\/biznestco.com\/?page_id=3"},"modified":"2025-11-27T10:36:55","modified_gmt":"2025-11-27T08:36:55","slug":"gizlilik-politikasi","status":"publish","type":"page","link":"https:\/\/biznestco.com\/tr\/gizlilik-politikasi\/","title":{"rendered":"Gizlilik Politikas\u0131"},"content":{"rendered":"<p><strong><em>Son G\u00fcncelleme 27 Kas\u0131m 2025<\/em><\/strong><\/p>\n\n\n\n<p>Bu Gizlilik Politikas\u0131, Biznest'in (\u201cbiz\u201d, \u201cbize\u201d veya \u201cbizim\u201d) web sitemizi kulland\u0131\u011f\u0131n\u0131zda sizinle ilgili bilgileri nas\u0131l toplad\u0131\u011f\u0131n\u0131, kulland\u0131\u011f\u0131n\u0131 ve payla\u015ft\u0131\u011f\u0131n\u0131 a\u00e7\u0131klar, <a href=\"https:\/\/biznestco.com\/tr\/\">https:\/\/biznestco.com<\/a> (\u201cHizmet\u201d). Hizmeti kullanarak, bilgilerinizin bu Gizlilik Politikas\u0131nda a\u00e7\u0131kland\u0131\u011f\u0131 \u015fekilde toplanmas\u0131n\u0131, kullan\u0131lmas\u0131n\u0131 ve payla\u015f\u0131lmas\u0131n\u0131 kabul etmi\u015f olursunuz.<\/p>\n\n\n\n<h3 class=\"wp-block-heading\">1. Toplad\u0131\u011f\u0131m\u0131z Bilgiler<\/h3>\n\n\n\n<p>Bilgileri birka\u00e7 farkl\u0131 \u015fekilde topluyoruz:<\/p>\n\n\n\n<p><strong>a. Bize Sa\u011flad\u0131\u011f\u0131n\u0131z Bilgiler<\/strong><\/p>\n\n\n\n<ul class=\"wp-block-list\">\n<li><strong>Hesap Bilgileri:<\/strong> Bir hesap i\u00e7in kaydoldu\u011funuzda, ad\u0131n\u0131z\u0131, e-posta adresinizi ve \u015fifrenizi toplar\u0131z.<\/li>\n\n\n\n<li><strong>\u0130\u015f \u0130lanlar\u0131:<\/strong> Platformumuzda bir i\u015fletme listelerseniz, i\u015fletme ad\u0131, adresi, telefon numaras\u0131, kategori ve foto\u011fraflar gibi bilgileri toplar\u0131z.<\/li>\n\n\n\n<li><strong>Yorumlar ve Derecelendirmeler:<\/strong> G\u00f6nderdi\u011finiz t\u00fcm yorum ve derecelendirmelerin i\u00e7eri\u011fini toplar\u0131z.<\/li>\n\n\n\n<li><strong>\u0130leti\u015fim:<\/strong> Sorular\u0131n\u0131z veya destek i\u00e7in bizimle ileti\u015fime ge\u00e7ti\u011finizde bilgi toplar\u0131z.<\/li>\n<\/ul>\n\n\n\n<p><strong>b. Otomatik Olarak Toplad\u0131\u011f\u0131m\u0131z Bilgiler<\/strong><\/p>\n\n\n\n<ul class=\"wp-block-list\">\n<li><strong>G\u00fcnl\u00fck ve Kullan\u0131m Verileri:<\/strong> IP adresiniz, taray\u0131c\u0131 t\u00fcr\u00fcn\u00fcz, i\u015fletim sisteminiz, g\u00f6r\u00fcnt\u00fclenen sayfalar ve ziyaretlerinizin tarih ve saatleri dahil olmak \u00fczere Hizmete nas\u0131l eri\u015fti\u011finiz ve kulland\u0131\u011f\u0131n\u0131z hakk\u0131nda bilgi toplar\u0131z.<\/li>\n\n\n\n<li><strong>Konum Bilgileri:<\/strong> \u0130zninizle, \u201cHaritada ara\u201d \u00f6zelli\u011fimiz gibi konum tabanl\u0131 hizmetler sunmak i\u00e7in kesin konumunuz hakk\u0131nda bilgi toplayabiliriz.<\/li>\n\n\n\n<li><strong>\u00c7erezler ve Benzer Teknolojiler:<\/strong> Hizmetimizi i\u015fletmek ve y\u00f6netmek ve deneyiminizi geli\u015ftirmek i\u00e7in \u00e7erezler kullan\u0131yoruz. Daha fazla bilgi i\u00e7in l\u00fctfen a\u015fa\u011f\u0131daki \u201c\u00c7erezler ve \u0130zleme Teknolojileri\u201d b\u00f6l\u00fcm\u00fcne bak\u0131n.<\/li>\n<\/ul>\n\n\n\n<h3 class=\"wp-block-heading\">2. Bilgilerinizi Nas\u0131l Kullan\u0131yoruz<\/h3>\n\n\n\n<p>Toplad\u0131\u011f\u0131m\u0131z bilgileri a\u015fa\u011f\u0131dakiler de dahil olmak \u00fczere \u00e7e\u015fitli ama\u00e7larla kullan\u0131r\u0131z:<\/p>\n\n\n\n<ul class=\"wp-block-list\">\n<li>Hizmetimizi sa\u011flamak, s\u00fcrd\u00fcrmek ve geli\u015ftirmek.<\/li>\n\n\n\n<li>Deneyiminizi ki\u015fiselle\u015ftirin.<\/li>\n\n\n\n<li>Size g\u00fcncellemeler ve pazarlama mesajlar\u0131 g\u00f6ndermek de dahil olmak \u00fczere sizinle ileti\u015fim kurmak.<\/li>\n\n\n\n<li>Yorumlar\u0131n\u0131za ve sorular\u0131n\u0131za yan\u0131t verin.<\/li>\n\n\n\n<li>Hizmetimizle ba\u011flant\u0131l\u0131 e\u011filimleri, kullan\u0131m\u0131 ve faaliyetleri izlemek ve analiz etmek.<\/li>\n\n\n\n<li>Hileli i\u015flemleri ve di\u011fer yasa d\u0131\u015f\u0131 faaliyetleri tespit edin ve \u00f6nleyin.<\/li>\n<\/ul>\n\n\n\n<h3 class=\"wp-block-heading\">3. Bilgilerinizi Nas\u0131l Payla\u015f\u0131yoruz<\/h3>\n\n\n\n<p>Bilgilerinizi a\u015fa\u011f\u0131daki durumlarda payla\u015fabiliriz:<\/p>\n\n\n\n<ul class=\"wp-block-list\">\n<li><strong>Halkla birlikte:<\/strong> Herkese a\u00e7\u0131k profilinizdeki bilgiler, i\u015fletme listing'leri ve incelemeler herkes taraf\u0131ndan g\u00f6r\u00fclebilir.<\/li>\n\n\n\n<li><strong>Hizmet Sa\u011flay\u0131c\u0131lar ile:<\/strong> Bilgilerinizi, bar\u0131nd\u0131rma, veri analizi ve haritalama hizmetleri (\u00f6r. Google Haritalar) gibi bizim ad\u0131m\u0131za hizmet veren \u00fc\u00e7\u00fcnc\u00fc taraf sat\u0131c\u0131lar ve hizmet sa\u011flay\u0131c\u0131larla payla\u015fabiliriz.<\/li>\n\n\n\n<li><strong>Yasal nedenlerden dolay\u0131:<\/strong> \u0130f\u015fan\u0131n y\u00fcr\u00fcrl\u00fckteki herhangi bir yasa, y\u00f6netmelik veya yasal s\u00fcrece uygun oldu\u011funa veya bunlar\u0131n gerektirdi\u011fine inan\u0131rsak bilgilerinizi if\u015fa edebiliriz.<\/li>\n<\/ul>\n\n\n\n<h3 class=\"wp-block-heading\">4. \u00c7erezler ve \u0130zleme Teknolojileri<\/h3>\n\n\n\n<p>Hizmetimizdeki etkinli\u011fi izlemek ve belirli bilgileri tutmak i\u00e7in \u00e7erezleri ve benzer izleme teknolojilerini kullan\u0131r\u0131z. Taray\u0131c\u0131n\u0131za t\u00fcm \u00e7erezleri reddetmesi veya bir \u00e7erez g\u00f6nderildi\u011finde bunu belirtmesi talimat\u0131n\u0131 verebilirsiniz. Ancak, \u00e7erezleri kabul etmezseniz, Hizmetimizin baz\u0131 b\u00f6l\u00fcmlerini kullanamayabilirsiniz.<\/p>\n\n\n\n<h3 class=\"wp-block-heading\">5. Veri Haklar\u0131n\u0131z<\/h3>\n\n\n\n<p>Bulundu\u011funuz yere ba\u011fl\u0131 olarak, bilgilerinizle ilgili olarak a\u015fa\u011f\u0131dakiler de dahil olmak \u00fczere belirli haklara sahip olabilirsiniz:<\/p>\n\n\n\n<ul class=\"wp-block-list\">\n<li>Hakk\u0131n\u0131zda sahip oldu\u011fumuz bilgilere eri\u015fme, bunlar\u0131 g\u00fcncelleme veya silme hakk\u0131.<\/li>\n\n\n\n<li>Bilgilerinizin taraf\u0131m\u0131zca i\u015flenmesine itiraz etme hakk\u0131.<\/li>\n\n\n\n<li>Ki\u015fisel bilgilerinizin i\u015flenmesini k\u0131s\u0131tlamam\u0131z\u0131 talep etme hakk\u0131.<\/li>\n<\/ul>\n\n\n\n<p>Bu haklar\u0131 kullanmak i\u00e7in l\u00fctfen a\u015fa\u011f\u0131daki e-posta adresinden bizimle ileti\u015fime ge\u00e7in.<\/p>\n\n\n\n<h3 class=\"wp-block-heading\">6. Veri G\u00fcvenli\u011fi<\/h3>\n\n\n\n<p>Bilgilerinizi kay\u0131p, h\u0131rs\u0131zl\u0131k, k\u00f6t\u00fcye kullan\u0131m ve yetkisiz eri\u015fime kar\u015f\u0131 korumaya yard\u0131mc\u0131 olmak i\u00e7in makul \u00f6nlemler al\u0131yoruz. Ancak, hi\u00e7bir elektronik iletim veya depolama 100% g\u00fcvenli de\u011fildir.<\/p>\n\n\n\n<h3 class=\"wp-block-heading\">7. Bu Politikadaki De\u011fi\u015fiklikler<\/h3>\n\n\n\n<p>Bu Gizlilik Politikas\u0131n\u0131 zaman zaman g\u00fcncelleyebiliriz. Yeni Gizlilik Politikas\u0131n\u0131 bu sayfada yay\u0131nlayarak ve \u201cSon G\u00fcncelleme\u201d tarihini g\u00fcncelleyerek de\u011fi\u015fiklikleri size bildirece\u011fiz.<\/p>\n\n\n\n<h3 class=\"wp-block-heading\">8. Bize Ula\u015f\u0131n<\/h3>\n\n\n\n<p>Bu Gizlilik Politikas\u0131 hakk\u0131nda herhangi bir sorunuz varsa, l\u00fctfen bizimle ileti\u015fime ge\u00e7in:<\/p>\n\n\n\n<p><a href=\"mailto:info@biznestco.com\" data-type=\"mailto\" data-id=\"mailto:info@biznestco.com\">info@biznestco.com<\/a> <\/p>\n\n\n\n<p><\/p>","protected":false},"excerpt":{"rendered":"<p>Son G\u00fcncelleme: 27 Kas\u0131m 2025 Bu Gizlilik Politikas\u0131, Biznest'in (\u201cbiz\u201d, \u201cbize\u201d veya \u201cbizim\u201d) https:\/\/biznestco.com web sitemizi (\u201cHizmet\u201d) kulland\u0131\u011f\u0131n\u0131zda sizinle ilgili bilgileri nas\u0131l toplad\u0131\u011f\u0131n\u0131, kulland\u0131\u011f\u0131n\u0131 ve payla\u015ft\u0131\u011f\u0131n\u0131 a\u00e7\u0131klar. Hizmeti kullanarak, bilgilerinizin bu Gizlilik Politikas\u0131nda a\u00e7\u0131kland\u0131\u011f\u0131 \u015fekilde toplanmas\u0131n\u0131, kullan\u0131lmas\u0131n\u0131 ve payla\u015f\u0131lmas\u0131n\u0131 kabul etmi\u015f olursunuz. 1. Toplad\u0131\u011f\u0131m\u0131z Bilgiler [...]<\/p>","protected":false},"author":1,"featured_media":0,"parent":0,"menu_order":0,"comment_status":"closed","ping_status":"open","template":"","meta":{"footnotes":""},"class_list":["post-3","page","type-page","status-publish","hentry"],"_links":{"self":[{"href":"https:\/\/biznestco.com\/tr\/wp-json\/wp\/v2\/pages\/3","targetHints":{"allow":["GET"]}}],"collection":[{"href":"https:\/\/biznestco.com\/tr\/wp-json\/wp\/v2\/pages"}],"about":[{"href":"https:\/\/biznestco.com\/tr\/wp-json\/wp\/v2\/types\/page"}],"author":[{"embeddable":true,"href":"https:\/\/biznestco.com\/tr\/wp-json\/wp\/v2\/users\/1"}],"replies":[{"embeddable":true,"href":"https:\/\/biznestco.com\/tr\/wp-json\/wp\/v2\/comments?post=3"}],"version-history":[{"count":2,"href":"https:\/\/biznestco.com\/tr\/wp-json\/wp\/v2\/pages\/3\/revisions"}],"predecessor-version":[{"id":846,"href":"https:\/\/biznestco.com\/tr\/wp-json\/wp\/v2\/pages\/3\/revisions\/846"}],"wp:attachment":[{"href":"https:\/\/biznestco.com\/tr\/wp-json\/wp\/v2\/media?parent=3"}],"curies":[{"name":"wp","href":"https:\/\/api.w.org\/{rel}","templated":true}]}}